{"id":12754,"date":"2016-05-10T16:18:30","date_gmt":"2016-05-10T15:18:30","guid":{"rendered":"http:\/\/www.perroud-management.ch\/webnew\/?page_id=12754"},"modified":"2016-11-17T10:57:07","modified_gmt":"2016-11-17T09:57:07","slug":"trophee-meilleur-challenger","status":"publish","type":"page","link":"https:\/\/www.perroud-management.ch\/webnew\/trophee-meilleur-challenger\/","title":{"rendered":"Troph\u00e9e du Meilleur Challenger"},"content":{"rendered":"<p style=\"text-align: center;\"><span style=\"color: #000000;\">Pour son \u00e9dition 2013, le Geneva Open Challenger a eu l&rsquo;honneur de se voir d\u00e9cerner le Troph\u00e9e \u00ab\u00a0Jim McManus Challenger Award 2013&Prime;par le Pr\u00e9sident de l&rsquo;ATP, Chris Kermode, durant le Tournoi de Monte-Carlo<\/span><\/p>\n<p style=\"text-align: center;\"><span style=\"color: #000000;\">Ce prix r\u00e9compense le meilleur tournoi challenger ATP de l&rsquo;ann\u00e9e .<\/span><\/p>\n\n\t\t<style type=\"text\/css\">\n\t\t\t#gallery-1 {\n\t\t\t\tmargin: auto;\n\t\t\t}\n\t\t\t#gallery-1 .gallery-item {\n\t\t\t\tfloat: left;\n\t\t\t\tmargin-top: 10px;\n\t\t\t\ttext-align: center;\n\t\t\t\twidth: 33%;\n\t\t\t}\n\t\t\t#gallery-1 img {\n\t\t\t\tborder: 2px solid #cfcfcf;\n\t\t\t}\n\t\t\t#gallery-1 .gallery-caption {\n\t\t\t\tmargin-left: 0;\n\t\t\t}\n\t\t\t\/* see gallery_shortcode() in wp-includes\/media.php *\/\n\t\t<\/style>\n\t\t<div id='gallery-1' class='gallery galleryid-12754 gallery-columns-3 gallery-size-large'><dl class='gallery-item'>\n\t\t\t<dt class='gallery-icon portrait'>\n\t\t\t\t<a data-rel=\"iLightbox[postimages]\" data-title=\"photo\" data-caption=\"Daniel Perroud avec Chris Kermode, Pr\u00e9sident de l&#039;ATP\" href='https:\/\/www.perroud-management.ch\/webnew\/wp-content\/uploads\/2016\/05\/photo.jpg'><img decoding=\"async\" width=\"480\" height=\"640\" src=\"https:\/\/www.perroud-management.ch\/webnew\/wp-content\/uploads\/2016\/05\/photo.jpg\" class=\"attachment-large size-large\" alt=\"\" aria-describedby=\"gallery-1-12756\" srcset=\"https:\/\/www.perroud-management.ch\/webnew\/wp-content\/uploads\/2016\/05\/photo-225x300.jpg 225w, https:\/\/www.perroud-management.ch\/webnew\/wp-content\/uploads\/2016\/05\/photo.jpg 480w\" sizes=\"(max-width: 480px) 100vw, 480px\" \/><\/a>\n\t\t\t<\/dt>\n\t\t\t\t<dd class='wp-caption-text gallery-caption' id='gallery-1-12756'>\n\t\t\t\tDaniel Perroud avec Chris Kermode, Pr\u00e9sident de l&rsquo;ATP\n\t\t\t\t<\/dd><\/dl>\n\t\t\t<br style='clear: both' \/>\n\t\t<\/div>\n\n<h6 style=\"text-align: center;\">Daniel Perroud qui avait alors mis\u00e9 sur des cheveux plus longs&#8230;<\/h6>\n","protected":false},"excerpt":{"rendered":"<p>Pour son \u00e9dition 2013, le Geneva Open Challenger a eu l&rsquo;honneur de se voir d\u00e9cerner le Troph\u00e9e \u00ab\u00a0Jim McManus Challenger Award 2013&Prime;par le Pr\u00e9sident de l&rsquo;ATP, Chris Kermode, durant le Tournoi de Monte-Carlo Ce prix  [&#8230;]<\/p>\n","protected":false},"author":1,"featured_media":0,"parent":0,"menu_order":0,"comment_status":"closed","ping_status":"closed","template":"","meta":{"footnotes":""},"class_list":["post-12754","page","type-page","status-publish","hentry"],"yoast_head":"<!-- This site is optimized with the Yoast SEO plugin v25.9 - https:\/\/yoast.com\/wordpress\/plugins\/seo\/ -->\n<title>Troph\u00e9e du Meilleur Challenger - Perroud Management<\/title>\n<meta name=\"robots\" content=\"index, follow, max-snippet:-1, max-image-preview:large, max-video-preview:-1\" \/>\n<link rel=\"canonical\" href=\"https:\/\/www.perroud-management.ch\/webnew\/trophee-meilleur-challenger\/\" \/>\n<meta property=\"og:locale\" content=\"fr_FR\" \/>\n<meta property=\"og:type\" content=\"article\" \/>\n<meta property=\"og:title\" content=\"Troph\u00e9e du Meilleur Challenger - Perroud Management\" \/>\n<meta property=\"og:description\" content=\"Pour son \u00e9dition 2013, le Geneva Open Challenger a eu l&rsquo;honneur de se voir d\u00e9cerner le Troph\u00e9e \u00ab\u00a0Jim McManus Challenger Award 2013&Prime;par le Pr\u00e9sident de l&rsquo;ATP, Chris Kermode, durant le Tournoi de Monte-Carlo Ce prix [...]\" \/>\n<meta property=\"og:url\" content=\"https:\/\/www.perroud-management.ch\/webnew\/trophee-meilleur-challenger\/\" \/>\n<meta property=\"og:site_name\" content=\"Perroud Management\" \/>\n<meta property=\"article:modified_time\" content=\"2016-11-17T09:57:07+00:00\" \/>\n<meta property=\"og:image\" content=\"https:\/\/www.perroud-management.ch\/webnew\/wp-content\/uploads\/2016\/05\/photo.jpg\" \/>\n<script type=\"application\/ld+json\" class=\"yoast-schema-graph\">{\"@context\":\"https:\/\/schema.org\",\"@graph\":[{\"@type\":\"WebPage\",\"@id\":\"https:\/\/www.perroud-management.ch\/webnew\/trophee-meilleur-challenger\/\",\"url\":\"https:\/\/www.perroud-management.ch\/webnew\/trophee-meilleur-challenger\/\",\"name\":\"Troph\u00e9e du Meilleur Challenger - Perroud Management\",\"isPartOf\":{\"@id\":\"https:\/\/www.perroud-management.ch\/webnew\/#website\"},\"datePublished\":\"2016-05-10T15:18:30+00:00\",\"dateModified\":\"2016-11-17T09:57:07+00:00\",\"breadcrumb\":{\"@id\":\"https:\/\/www.perroud-management.ch\/webnew\/trophee-meilleur-challenger\/#breadcrumb\"},\"inLanguage\":\"fr-FR\",\"potentialAction\":[{\"@type\":\"ReadAction\",\"target\":[\"https:\/\/www.perroud-management.ch\/webnew\/trophee-meilleur-challenger\/\"]}]},{\"@type\":\"BreadcrumbList\",\"@id\":\"https:\/\/www.perroud-management.ch\/webnew\/trophee-meilleur-challenger\/#breadcrumb\",\"itemListElement\":[{\"@type\":\"ListItem\",\"position\":1,\"name\":\"Accueil\",\"item\":\"https:\/\/www.perroud-management.ch\/webnew\/\"},{\"@type\":\"ListItem\",\"position\":2,\"name\":\"Troph\u00e9e du Meilleur Challenger\"}]},{\"@type\":\"WebSite\",\"@id\":\"https:\/\/www.perroud-management.ch\/webnew\/#website\",\"url\":\"https:\/\/www.perroud-management.ch\/webnew\/\",\"name\":\"Perroud Management\",\"description\":\"Consulting \u00e9v\u00e9nementiel\",\"publisher\":{\"@id\":\"https:\/\/www.perroud-management.ch\/webnew\/#organization\"},\"potentialAction\":[{\"@type\":\"SearchAction\",\"target\":{\"@type\":\"EntryPoint\",\"urlTemplate\":\"https:\/\/www.perroud-management.ch\/webnew\/?s={search_term_string}\"},\"query-input\":{\"@type\":\"PropertyValueSpecification\",\"valueRequired\":true,\"valueName\":\"search_term_string\"}}],\"inLanguage\":\"fr-FR\"},{\"@type\":\"Organization\",\"@id\":\"https:\/\/www.perroud-management.ch\/webnew\/#organization\",\"name\":\"Perroud Management\",\"url\":\"https:\/\/www.perroud-management.ch\/webnew\/\",\"logo\":{\"@type\":\"ImageObject\",\"inLanguage\":\"fr-FR\",\"@id\":\"https:\/\/www.perroud-management.ch\/webnew\/#\/schema\/logo\/image\/\",\"url\":\"https:\/\/www.perroud-management.ch\/webnew\/wp-content\/uploads\/2016\/06\/Logo-Perroud-Management-petit@2x.jpg\",\"contentUrl\":\"https:\/\/www.perroud-management.ch\/webnew\/wp-content\/uploads\/2016\/06\/Logo-Perroud-Management-petit@2x.jpg\",\"width\":341,\"height\":80,\"caption\":\"Perroud Management\"},\"image\":{\"@id\":\"https:\/\/www.perroud-management.ch\/webnew\/#\/schema\/logo\/image\/\"}}]}<\/script>\n<!-- \/ Yoast SEO plugin. -->","yoast_head_json":{"title":"Troph\u00e9e du Meilleur Challenger - Perroud Management","robots":{"index":"index","follow":"follow","max-snippet":"max-snippet:-1","max-image-preview":"max-image-preview:large","max-video-preview":"max-video-preview:-1"},"canonical":"https:\/\/www.perroud-management.ch\/webnew\/trophee-meilleur-challenger\/","og_locale":"fr_FR","og_type":"article","og_title":"Troph\u00e9e du Meilleur Challenger - Perroud Management","og_description":"Pour son \u00e9dition 2013, le Geneva Open Challenger a eu l&rsquo;honneur de se voir d\u00e9cerner le Troph\u00e9e \u00ab\u00a0Jim McManus Challenger Award 2013&Prime;par le Pr\u00e9sident de l&rsquo;ATP, Chris Kermode, durant le Tournoi de Monte-Carlo Ce prix [...]","og_url":"https:\/\/www.perroud-management.ch\/webnew\/trophee-meilleur-challenger\/","og_site_name":"Perroud Management","article_modified_time":"2016-11-17T09:57:07+00:00","og_image":[{"url":"https:\/\/www.perroud-management.ch\/webnew\/wp-content\/uploads\/2016\/05\/photo.jpg","type":"","width":"","height":""}],"schema":{"@context":"https:\/\/schema.org","@graph":[{"@type":"WebPage","@id":"https:\/\/www.perroud-management.ch\/webnew\/trophee-meilleur-challenger\/","url":"https:\/\/www.perroud-management.ch\/webnew\/trophee-meilleur-challenger\/","name":"Troph\u00e9e du Meilleur Challenger - Perroud Management","isPartOf":{"@id":"https:\/\/www.perroud-management.ch\/webnew\/#website"},"datePublished":"2016-05-10T15:18:30+00:00","dateModified":"2016-11-17T09:57:07+00:00","breadcrumb":{"@id":"https:\/\/www.perroud-management.ch\/webnew\/trophee-meilleur-challenger\/#breadcrumb"},"inLanguage":"fr-FR","potentialAction":[{"@type":"ReadAction","target":["https:\/\/www.perroud-management.ch\/webnew\/trophee-meilleur-challenger\/"]}]},{"@type":"BreadcrumbList","@id":"https:\/\/www.perroud-management.ch\/webnew\/trophee-meilleur-challenger\/#breadcrumb","itemListElement":[{"@type":"ListItem","position":1,"name":"Accueil","item":"https:\/\/www.perroud-management.ch\/webnew\/"},{"@type":"ListItem","position":2,"name":"Troph\u00e9e du Meilleur Challenger"}]},{"@type":"WebSite","@id":"https:\/\/www.perroud-management.ch\/webnew\/#website","url":"https:\/\/www.perroud-management.ch\/webnew\/","name":"Perroud Management","description":"Consulting \u00e9v\u00e9nementiel","publisher":{"@id":"https:\/\/www.perroud-management.ch\/webnew\/#organization"},"potentialAction":[{"@type":"SearchAction","target":{"@type":"EntryPoint","urlTemplate":"https:\/\/www.perroud-management.ch\/webnew\/?s={search_term_string}"},"query-input":{"@type":"PropertyValueSpecification","valueRequired":true,"valueName":"search_term_string"}}],"inLanguage":"fr-FR"},{"@type":"Organization","@id":"https:\/\/www.perroud-management.ch\/webnew\/#organization","name":"Perroud Management","url":"https:\/\/www.perroud-management.ch\/webnew\/","logo":{"@type":"ImageObject","inLanguage":"fr-FR","@id":"https:\/\/www.perroud-management.ch\/webnew\/#\/schema\/logo\/image\/","url":"https:\/\/www.perroud-management.ch\/webnew\/wp-content\/uploads\/2016\/06\/Logo-Perroud-Management-petit@2x.jpg","contentUrl":"https:\/\/www.perroud-management.ch\/webnew\/wp-content\/uploads\/2016\/06\/Logo-Perroud-Management-petit@2x.jpg","width":341,"height":80,"caption":"Perroud Management"},"image":{"@id":"https:\/\/www.perroud-management.ch\/webnew\/#\/schema\/logo\/image\/"}}]}},"_links":{"self":[{"href":"https:\/\/www.perroud-management.ch\/webnew\/wp-json\/wp\/v2\/pages\/12754","targetHints":{"allow":["GET"]}}],"collection":[{"href":"https:\/\/www.perroud-management.ch\/webnew\/wp-json\/wp\/v2\/pages"}],"about":[{"href":"https:\/\/www.perroud-management.ch\/webnew\/wp-json\/wp\/v2\/types\/page"}],"author":[{"embeddable":true,"href":"https:\/\/www.perroud-management.ch\/webnew\/wp-json\/wp\/v2\/users\/1"}],"replies":[{"embeddable":true,"href":"https:\/\/www.perroud-management.ch\/webnew\/wp-json\/wp\/v2\/comments?post=12754"}],"version-history":[{"count":7,"href":"https:\/\/www.perroud-management.ch\/webnew\/wp-json\/wp\/v2\/pages\/12754\/revisions"}],"predecessor-version":[{"id":13129,"href":"https:\/\/www.perroud-management.ch\/webnew\/wp-json\/wp\/v2\/pages\/12754\/revisions\/13129"}],"wp:attachment":[{"href":"https:\/\/www.perroud-management.ch\/webnew\/wp-json\/wp\/v2\/media?parent=12754"}],"curies":[{"name":"wp","href":"https:\/\/api.w.org\/{rel}","templated":true}]}}