{"id":12830,"date":"2016-05-13T17:35:51","date_gmt":"2016-05-13T16:35:51","guid":{"rendered":"http:\/\/www.perroud-management.ch\/webnew\/?page_id=12830"},"modified":"2016-11-17T14:18:16","modified_gmt":"2016-11-17T13:18:16","slug":"divers-2","status":"publish","type":"page","link":"https:\/\/www.perroud-management.ch\/webnew\/divers-2\/","title":{"rendered":"Photos diverses"},"content":{"rendered":"\n\t\t<style type=\"text\/css\">\n\t\t\t#gallery-1 {\n\t\t\t\tmargin: auto;\n\t\t\t}\n\t\t\t#gallery-1 .gallery-item {\n\t\t\t\tfloat: left;\n\t\t\t\tmargin-top: 10px;\n\t\t\t\ttext-align: center;\n\t\t\t\twidth: 33%;\n\t\t\t}\n\t\t\t#gallery-1 img {\n\t\t\t\tborder: 2px solid #cfcfcf;\n\t\t\t}\n\t\t\t#gallery-1 .gallery-caption {\n\t\t\t\tmargin-left: 0;\n\t\t\t}\n\t\t\t\/* see gallery_shortcode() in wp-includes\/media.php *\/\n\t\t<\/style>\n\t\t<div id='gallery-1' class='gallery galleryid-12830 gallery-columns-3 gallery-size-medium'><dl class='gallery-item'>\n\t\t\t<dt class='gallery-icon portrait'>\n\t\t\t\t<a data-rel=\"iLightbox[postimages]\" data-title=\"perroud_portrait\" data-caption=\"Daniel Perroud, couverture du livre &quot;25 ans d&#039;Organisation&quot;\" href='https:\/\/www.perroud-management.ch\/webnew\/wp-content\/uploads\/2016\/05\/perroud_portrait.jpg'><img decoding=\"async\" width=\"223\" height=\"300\" src=\"https:\/\/www.perroud-management.ch\/webnew\/wp-content\/uploads\/2016\/05\/perroud_portrait-223x300.jpg\" class=\"attachment-medium size-medium\" alt=\"\" aria-describedby=\"gallery-1-12828\" srcset=\"https:\/\/www.perroud-management.ch\/webnew\/wp-content\/uploads\/2016\/05\/perroud_portrait-223x300.jpg 223w, https:\/\/www.perroud-management.ch\/webnew\/wp-content\/uploads\/2016\/05\/perroud_portrait-763x1024.jpg 763w, https:\/\/www.perroud-management.ch\/webnew\/wp-content\/uploads\/2016\/05\/perroud_portrait-768x1031.jpg 768w, https:\/\/www.perroud-management.ch\/webnew\/wp-content\/uploads\/2016\/05\/perroud_portrait.jpg 1004w\" sizes=\"(max-width: 223px) 100vw, 223px\" \/><\/a>\n\t\t\t<\/dt>\n\t\t\t\t<dd class='wp-caption-text gallery-caption' id='gallery-1-12828'>\n\t\t\t\tDaniel Perroud, couverture du livre \u00ab\u00a025 ans d&rsquo;Organisation\u00a0\u00bb\n\t\t\t\t<\/dd><\/dl><dl class='gallery-item'>\n\t\t\t<dt class='gallery-icon landscape'>\n\t\t\t\t<a data-rel=\"iLightbox[postimages]\" data-title=\"new_148\" data-caption=\"Christian Kupferschmid (au centre de l\u2019image entre Serge David et moi) a repris\nles r\u00eanes de DPO SA\" href='https:\/\/www.perroud-management.ch\/webnew\/wp-content\/uploads\/2016\/05\/new_148.jpg'><img decoding=\"async\" width=\"300\" height=\"200\" src=\"https:\/\/www.perroud-management.ch\/webnew\/wp-content\/uploads\/2016\/05\/new_148-300x200.jpg\" class=\"attachment-medium size-medium\" alt=\"\" aria-describedby=\"gallery-1-12827\" srcset=\"https:\/\/www.perroud-management.ch\/webnew\/wp-content\/uploads\/2016\/05\/new_148-300x200.jpg 300w, https:\/\/www.perroud-management.ch\/webnew\/wp-content\/uploads\/2016\/05\/new_148-768x512.jpg 768w, https:\/\/www.perroud-management.ch\/webnew\/wp-content\/uploads\/2016\/05\/new_148-1024x683.jpg 1024w, https:\/\/www.perroud-management.ch\/webnew\/wp-content\/uploads\/2016\/05\/new_148.jpg 1516w\" sizes=\"(max-width: 300px) 100vw, 300px\" \/><\/a>\n\t\t\t<\/dt>\n\t\t\t\t<dd class='wp-caption-text gallery-caption' id='gallery-1-12827'>\n\t\t\t\tChristian Kupferschmid (au centre de l\u2019image entre Serge David et moi) a repris\nles r\u00eanes de DPO SA\n\t\t\t\t<\/dd><\/dl><dl class='gallery-item'>\n\t\t\t<dt class='gallery-icon landscape'>\n\t\t\t\t<a data-rel=\"iLightbox[postimages]\" data-title=\"N17\" data-caption=\"Avec l&#039;ancienne Miss Suisse Lolita Morena, mon \u00e9pouse Chantal et Pierre Aeschlimann\" href='https:\/\/www.perroud-management.ch\/webnew\/wp-content\/uploads\/2016\/05\/N17.jpg'><img decoding=\"async\" width=\"300\" height=\"219\" src=\"https:\/\/www.perroud-management.ch\/webnew\/wp-content\/uploads\/2016\/05\/N17-300x219.jpg\" class=\"attachment-medium size-medium\" alt=\"\" aria-describedby=\"gallery-1-12826\" srcset=\"https:\/\/www.perroud-management.ch\/webnew\/wp-content\/uploads\/2016\/05\/N17-220x161.jpg 220w, https:\/\/www.perroud-management.ch\/webnew\/wp-content\/uploads\/2016\/05\/N17-300x219.jpg 300w, https:\/\/www.perroud-management.ch\/webnew\/wp-content\/uploads\/2016\/05\/N17-768x560.jpg 768w, https:\/\/www.perroud-management.ch\/webnew\/wp-content\/uploads\/2016\/05\/N17-1024x747.jpg 1024w\" sizes=\"(max-width: 300px) 100vw, 300px\" \/><\/a>\n\t\t\t<\/dt>\n\t\t\t\t<dd class='wp-caption-text gallery-caption' id='gallery-1-12826'>\n\t\t\t\tAvec l&rsquo;ancienne Miss Suisse Lolita Morena, mon \u00e9pouse Chantal et Pierre Aeschlimann\n\t\t\t\t<\/dd><\/dl><br style=\"clear: both\" \/><dl class='gallery-item'>\n\t\t\t<dt class='gallery-icon landscape'>\n\t\t\t\t<a data-rel=\"iLightbox[postimages]\" data-title=\"chap6_002\" data-caption=\"Avec Patrick Juvet et Roland Volet, charg\u00e9 de la promotion du\ndisque... qui n&#039;est jamais sorti!\" href='https:\/\/www.perroud-management.ch\/webnew\/wp-content\/uploads\/2016\/05\/chap6_002.jpg'><img decoding=\"async\" width=\"300\" height=\"225\" src=\"https:\/\/www.perroud-management.ch\/webnew\/wp-content\/uploads\/2016\/05\/chap6_002-300x225.jpg\" class=\"attachment-medium size-medium\" alt=\"\" aria-describedby=\"gallery-1-12825\" srcset=\"https:\/\/www.perroud-management.ch\/webnew\/wp-content\/uploads\/2016\/05\/chap6_002-300x225.jpg 300w, https:\/\/www.perroud-management.ch\/webnew\/wp-content\/uploads\/2016\/05\/chap6_002-768x575.jpg 768w, https:\/\/www.perroud-management.ch\/webnew\/wp-content\/uploads\/2016\/05\/chap6_002-1024x767.jpg 1024w, https:\/\/www.perroud-management.ch\/webnew\/wp-content\/uploads\/2016\/05\/chap6_002.jpg 1503w\" sizes=\"(max-width: 300px) 100vw, 300px\" \/><\/a>\n\t\t\t<\/dt>\n\t\t\t\t<dd class='wp-caption-text gallery-caption' id='gallery-1-12825'>\n\t\t\t\tAvec Patrick Juvet et Roland Volet, charg\u00e9 de la promotion du\ndisque&#8230; qui n&rsquo;est jamais sorti!\n\t\t\t\t<\/dd><\/dl><dl class='gallery-item'>\n\t\t\t<dt class='gallery-icon landscape'>\n\t\t\t\t<a data-rel=\"iLightbox[postimages]\" data-title=\"chap6_001\" data-caption=\"Le l\u00e9gendaire basketteur &quot;Magic&quot; Johnson \u00e0 Palexpo. Belle organisation, pour le compte d&#039;une St\u00e9 \u00e9trang\u00e8re \" href='https:\/\/www.perroud-management.ch\/webnew\/wp-content\/uploads\/2016\/05\/chap6_001.jpg'><img decoding=\"async\" width=\"300\" height=\"204\" src=\"https:\/\/www.perroud-management.ch\/webnew\/wp-content\/uploads\/2016\/05\/chap6_001-300x204.jpg\" class=\"attachment-medium size-medium\" alt=\"\" aria-describedby=\"gallery-1-12824\" srcset=\"https:\/\/www.perroud-management.ch\/webnew\/wp-content\/uploads\/2016\/05\/chap6_001-300x204.jpg 300w, https:\/\/www.perroud-management.ch\/webnew\/wp-content\/uploads\/2016\/05\/chap6_001-768x522.jpg 768w, https:\/\/www.perroud-management.ch\/webnew\/wp-content\/uploads\/2016\/05\/chap6_001-1024x695.jpg 1024w, https:\/\/www.perroud-management.ch\/webnew\/wp-content\/uploads\/2016\/05\/chap6_001.jpg 1533w\" sizes=\"(max-width: 300px) 100vw, 300px\" \/><\/a>\n\t\t\t<\/dt>\n\t\t\t\t<dd class='wp-caption-text gallery-caption' id='gallery-1-12824'>\n\t\t\t\tLe l\u00e9gendaire basketteur \u00ab\u00a0Magic\u00a0\u00bb Johnson \u00e0 Palexpo. Belle organisation, pour le compte d&rsquo;une St\u00e9 \u00e9trang\u00e8re \n\t\t\t\t<\/dd><\/dl><dl class='gallery-item'>\n\t\t\t<dt class='gallery-icon landscape'>\n\t\t\t\t<a data-rel=\"iLightbox[postimages]\" data-title=\"Besse_Collombin\" data-caption=\"Avec trois skieurs qu&#039;il est plus facile de suivre au carnotzet que sur les pistes : William Besse, Roland Collombin et Philippe Roux\" href='https:\/\/www.perroud-management.ch\/webnew\/wp-content\/uploads\/2016\/05\/Besse_Collombin.jpg'><img decoding=\"async\" width=\"300\" height=\"225\" src=\"https:\/\/www.perroud-management.ch\/webnew\/wp-content\/uploads\/2016\/05\/Besse_Collombin-300x225.jpg\" class=\"attachment-medium size-medium\" alt=\"\" aria-describedby=\"gallery-1-12823\" srcset=\"https:\/\/www.perroud-management.ch\/webnew\/wp-content\/uploads\/2016\/05\/Besse_Collombin-300x225.jpg 300w, https:\/\/www.perroud-management.ch\/webnew\/wp-content\/uploads\/2016\/05\/Besse_Collombin-768x576.jpg 768w, https:\/\/www.perroud-management.ch\/webnew\/wp-content\/uploads\/2016\/05\/Besse_Collombin-1024x768.jpg 1024w, https:\/\/www.perroud-management.ch\/webnew\/wp-content\/uploads\/2016\/05\/Besse_Collombin.jpg 1417w\" sizes=\"(max-width: 300px) 100vw, 300px\" \/><\/a>\n\t\t\t<\/dt>\n\t\t\t\t<dd class='wp-caption-text gallery-caption' id='gallery-1-12823'>\n\t\t\t\tAvec trois skieurs qu&rsquo;il est plus facile de suivre au carnotzet que sur les pistes : William Besse, Roland Collombin et Philippe Roux\n\t\t\t\t<\/dd><\/dl><br style=\"clear: both\" \/><dl class='gallery-item'>\n\t\t\t<dt class='gallery-icon landscape'>\n\t\t\t\t<a data-rel=\"iLightbox[postimages]\" data-title=\"Formule 3\" data-caption=\"Ideal Chimic, un sponsor pr\u00e9sent sur ma Formule 3 en 1978\" href='https:\/\/www.perroud-management.ch\/webnew\/wp-content\/uploads\/2016\/05\/chap1_011.jpg'><img decoding=\"async\" width=\"300\" height=\"221\" src=\"https:\/\/www.perroud-management.ch\/webnew\/wp-content\/uploads\/2016\/05\/chap1_011-300x221.jpg\" class=\"attachment-medium size-medium\" alt=\"\" aria-describedby=\"gallery-1-12862\" srcset=\"https:\/\/www.perroud-management.ch\/webnew\/wp-content\/uploads\/2016\/05\/chap1_011-220x161.jpg 220w, https:\/\/www.perroud-management.ch\/webnew\/wp-content\/uploads\/2016\/05\/chap1_011-300x221.jpg 300w, https:\/\/www.perroud-management.ch\/webnew\/wp-content\/uploads\/2016\/05\/chap1_011.jpg 709w\" sizes=\"(max-width: 300px) 100vw, 300px\" \/><\/a>\n\t\t\t<\/dt>\n\t\t\t\t<dd class='wp-caption-text gallery-caption' id='gallery-1-12862'>\n\t\t\t\tIdeal Chimic, un sponsor pr\u00e9sent sur ma Formule 3 en 1978\n\t\t\t\t<\/dd><\/dl><dl class='gallery-item'>\n\t\t\t<dt class='gallery-icon landscape'>\n\t\t\t\t<a data-rel=\"iLightbox[postimages]\" data-title=\"chap1_010\" data-caption=\"Ideal Chimic, toujours l\u00e0 sur la voiture de rallye de mon fils Pascal en 2016\" href='https:\/\/www.perroud-management.ch\/webnew\/wp-content\/uploads\/2016\/05\/chap1_010.jpg'><img decoding=\"async\" width=\"300\" height=\"201\" src=\"https:\/\/www.perroud-management.ch\/webnew\/wp-content\/uploads\/2016\/05\/chap1_010-300x201.jpg\" class=\"attachment-medium size-medium\" alt=\"\" aria-describedby=\"gallery-1-12861\" srcset=\"https:\/\/www.perroud-management.ch\/webnew\/wp-content\/uploads\/2016\/05\/chap1_010-300x201.jpg 300w, https:\/\/www.perroud-management.ch\/webnew\/wp-content\/uploads\/2016\/05\/chap1_010.jpg 767w\" sizes=\"(max-width: 300px) 100vw, 300px\" \/><\/a>\n\t\t\t<\/dt>\n\t\t\t\t<dd class='wp-caption-text gallery-caption' id='gallery-1-12861'>\n\t\t\t\tIdeal Chimic, toujours l\u00e0 sur la voiture de rallye de mon fils Pascal en 2016\n\t\t\t\t<\/dd><\/dl>\n\t\t\t<br style='clear: both' \/>\n\t\t<\/div>\n\n","protected":false},"excerpt":{"rendered":"","protected":false},"author":1,"featured_media":0,"parent":0,"menu_order":0,"comment_status":"closed","ping_status":"closed","template":"","meta":{"footnotes":""},"class_list":["post-12830","page","type-page","status-publish","hentry"],"yoast_head":"<!-- This site is optimized with the Yoast SEO plugin v25.9 - https:\/\/yoast.com\/wordpress\/plugins\/seo\/ -->\n<title>Photos diverses - Perroud Management<\/title>\n<meta name=\"description\" content=\"Galerie de photos diverses d&#039;\u00e9v\u00e9nements sportifs organis\u00e9s par Daniel Perroud DPO.\" \/>\n<meta name=\"robots\" content=\"index, follow, max-snippet:-1, max-image-preview:large, max-video-preview:-1\" \/>\n<link rel=\"canonical\" href=\"https:\/\/www.perroud-management.ch\/webnew\/divers-2\/\" \/>\n<meta property=\"og:locale\" content=\"fr_FR\" \/>\n<meta property=\"og:type\" content=\"article\" \/>\n<meta property=\"og:title\" content=\"Photos diverses - Perroud Management\" \/>\n<meta property=\"og:description\" content=\"Galerie de photos diverses d&#039;\u00e9v\u00e9nements sportifs organis\u00e9s par Daniel Perroud DPO.\" \/>\n<meta property=\"og:url\" content=\"https:\/\/www.perroud-management.ch\/webnew\/divers-2\/\" \/>\n<meta property=\"og:site_name\" content=\"Perroud Management\" \/>\n<meta property=\"article:modified_time\" content=\"2016-11-17T13:18:16+00:00\" \/>\n<meta property=\"og:image\" content=\"https:\/\/www.perroud-management.ch\/webnew\/wp-content\/uploads\/2016\/05\/perroud_portrait-223x300.jpg\" \/>\n<script type=\"application\/ld+json\" class=\"yoast-schema-graph\">{\"@context\":\"https:\/\/schema.org\",\"@graph\":[{\"@type\":\"WebPage\",\"@id\":\"https:\/\/www.perroud-management.ch\/webnew\/divers-2\/\",\"url\":\"https:\/\/www.perroud-management.ch\/webnew\/divers-2\/\",\"name\":\"Photos diverses - Perroud Management\",\"isPartOf\":{\"@id\":\"https:\/\/www.perroud-management.ch\/webnew\/#website\"},\"datePublished\":\"2016-05-13T16:35:51+00:00\",\"dateModified\":\"2016-11-17T13:18:16+00:00\",\"description\":\"Galerie de photos diverses d'\u00e9v\u00e9nements sportifs organis\u00e9s par Daniel Perroud DPO.\",\"breadcrumb\":{\"@id\":\"https:\/\/www.perroud-management.ch\/webnew\/divers-2\/#breadcrumb\"},\"inLanguage\":\"fr-FR\",\"potentialAction\":[{\"@type\":\"ReadAction\",\"target\":[\"https:\/\/www.perroud-management.ch\/webnew\/divers-2\/\"]}]},{\"@type\":\"BreadcrumbList\",\"@id\":\"https:\/\/www.perroud-management.ch\/webnew\/divers-2\/#breadcrumb\",\"itemListElement\":[{\"@type\":\"ListItem\",\"position\":1,\"name\":\"Accueil\",\"item\":\"https:\/\/www.perroud-management.ch\/webnew\/\"},{\"@type\":\"ListItem\",\"position\":2,\"name\":\"Photos diverses\"}]},{\"@type\":\"WebSite\",\"@id\":\"https:\/\/www.perroud-management.ch\/webnew\/#website\",\"url\":\"https:\/\/www.perroud-management.ch\/webnew\/\",\"name\":\"Perroud Management\",\"description\":\"Consulting \u00e9v\u00e9nementiel\",\"publisher\":{\"@id\":\"https:\/\/www.perroud-management.ch\/webnew\/#organization\"},\"potentialAction\":[{\"@type\":\"SearchAction\",\"target\":{\"@type\":\"EntryPoint\",\"urlTemplate\":\"https:\/\/www.perroud-management.ch\/webnew\/?s={search_term_string}\"},\"query-input\":{\"@type\":\"PropertyValueSpecification\",\"valueRequired\":true,\"valueName\":\"search_term_string\"}}],\"inLanguage\":\"fr-FR\"},{\"@type\":\"Organization\",\"@id\":\"https:\/\/www.perroud-management.ch\/webnew\/#organization\",\"name\":\"Perroud Management\",\"url\":\"https:\/\/www.perroud-management.ch\/webnew\/\",\"logo\":{\"@type\":\"ImageObject\",\"inLanguage\":\"fr-FR\",\"@id\":\"https:\/\/www.perroud-management.ch\/webnew\/#\/schema\/logo\/image\/\",\"url\":\"https:\/\/www.perroud-management.ch\/webnew\/wp-content\/uploads\/2016\/06\/Logo-Perroud-Management-petit@2x.jpg\",\"contentUrl\":\"https:\/\/www.perroud-management.ch\/webnew\/wp-content\/uploads\/2016\/06\/Logo-Perroud-Management-petit@2x.jpg\",\"width\":341,\"height\":80,\"caption\":\"Perroud Management\"},\"image\":{\"@id\":\"https:\/\/www.perroud-management.ch\/webnew\/#\/schema\/logo\/image\/\"}}]}<\/script>\n<!-- \/ Yoast SEO plugin. -->","yoast_head_json":{"title":"Photos diverses - Perroud Management","description":"Galerie de photos diverses d'\u00e9v\u00e9nements sportifs organis\u00e9s par Daniel Perroud DPO.","robots":{"index":"index","follow":"follow","max-snippet":"max-snippet:-1","max-image-preview":"max-image-preview:large","max-video-preview":"max-video-preview:-1"},"canonical":"https:\/\/www.perroud-management.ch\/webnew\/divers-2\/","og_locale":"fr_FR","og_type":"article","og_title":"Photos diverses - Perroud Management","og_description":"Galerie de photos diverses d'\u00e9v\u00e9nements sportifs organis\u00e9s par Daniel Perroud DPO.","og_url":"https:\/\/www.perroud-management.ch\/webnew\/divers-2\/","og_site_name":"Perroud Management","article_modified_time":"2016-11-17T13:18:16+00:00","og_image":[{"url":"https:\/\/www.perroud-management.ch\/webnew\/wp-content\/uploads\/2016\/05\/perroud_portrait-223x300.jpg","type":"","width":"","height":""}],"schema":{"@context":"https:\/\/schema.org","@graph":[{"@type":"WebPage","@id":"https:\/\/www.perroud-management.ch\/webnew\/divers-2\/","url":"https:\/\/www.perroud-management.ch\/webnew\/divers-2\/","name":"Photos diverses - Perroud Management","isPartOf":{"@id":"https:\/\/www.perroud-management.ch\/webnew\/#website"},"datePublished":"2016-05-13T16:35:51+00:00","dateModified":"2016-11-17T13:18:16+00:00","description":"Galerie de photos diverses d'\u00e9v\u00e9nements sportifs organis\u00e9s par Daniel Perroud DPO.","breadcrumb":{"@id":"https:\/\/www.perroud-management.ch\/webnew\/divers-2\/#breadcrumb"},"inLanguage":"fr-FR","potentialAction":[{"@type":"ReadAction","target":["https:\/\/www.perroud-management.ch\/webnew\/divers-2\/"]}]},{"@type":"BreadcrumbList","@id":"https:\/\/www.perroud-management.ch\/webnew\/divers-2\/#breadcrumb","itemListElement":[{"@type":"ListItem","position":1,"name":"Accueil","item":"https:\/\/www.perroud-management.ch\/webnew\/"},{"@type":"ListItem","position":2,"name":"Photos diverses"}]},{"@type":"WebSite","@id":"https:\/\/www.perroud-management.ch\/webnew\/#website","url":"https:\/\/www.perroud-management.ch\/webnew\/","name":"Perroud Management","description":"Consulting \u00e9v\u00e9nementiel","publisher":{"@id":"https:\/\/www.perroud-management.ch\/webnew\/#organization"},"potentialAction":[{"@type":"SearchAction","target":{"@type":"EntryPoint","urlTemplate":"https:\/\/www.perroud-management.ch\/webnew\/?s={search_term_string}"},"query-input":{"@type":"PropertyValueSpecification","valueRequired":true,"valueName":"search_term_string"}}],"inLanguage":"fr-FR"},{"@type":"Organization","@id":"https:\/\/www.perroud-management.ch\/webnew\/#organization","name":"Perroud Management","url":"https:\/\/www.perroud-management.ch\/webnew\/","logo":{"@type":"ImageObject","inLanguage":"fr-FR","@id":"https:\/\/www.perroud-management.ch\/webnew\/#\/schema\/logo\/image\/","url":"https:\/\/www.perroud-management.ch\/webnew\/wp-content\/uploads\/2016\/06\/Logo-Perroud-Management-petit@2x.jpg","contentUrl":"https:\/\/www.perroud-management.ch\/webnew\/wp-content\/uploads\/2016\/06\/Logo-Perroud-Management-petit@2x.jpg","width":341,"height":80,"caption":"Perroud Management"},"image":{"@id":"https:\/\/www.perroud-management.ch\/webnew\/#\/schema\/logo\/image\/"}}]}},"_links":{"self":[{"href":"https:\/\/www.perroud-management.ch\/webnew\/wp-json\/wp\/v2\/pages\/12830","targetHints":{"allow":["GET"]}}],"collection":[{"href":"https:\/\/www.perroud-management.ch\/webnew\/wp-json\/wp\/v2\/pages"}],"about":[{"href":"https:\/\/www.perroud-management.ch\/webnew\/wp-json\/wp\/v2\/types\/page"}],"author":[{"embeddable":true,"href":"https:\/\/www.perroud-management.ch\/webnew\/wp-json\/wp\/v2\/users\/1"}],"replies":[{"embeddable":true,"href":"https:\/\/www.perroud-management.ch\/webnew\/wp-json\/wp\/v2\/comments?post=12830"}],"version-history":[{"count":5,"href":"https:\/\/www.perroud-management.ch\/webnew\/wp-json\/wp\/v2\/pages\/12830\/revisions"}],"predecessor-version":[{"id":12984,"href":"https:\/\/www.perroud-management.ch\/webnew\/wp-json\/wp\/v2\/pages\/12830\/revisions\/12984"}],"wp:attachment":[{"href":"https:\/\/www.perroud-management.ch\/webnew\/wp-json\/wp\/v2\/media?parent=12830"}],"curies":[{"name":"wp","href":"https:\/\/api.w.org\/{rel}","templated":true}]}}