{"id":12832,"date":"2016-05-13T17:36:44","date_gmt":"2016-05-13T16:36:44","guid":{"rendered":"http:\/\/www.perroud-management.ch\/webnew\/?page_id=12832"},"modified":"2016-12-08T09:28:14","modified_gmt":"2016-12-08T08:28:14","slug":"evenements-football","status":"publish","type":"page","link":"https:\/\/www.perroud-management.ch\/webnew\/evenements-football\/","title":{"rendered":"Football"},"content":{"rendered":"<div class=\"fusion-fullwidth fullwidth-box fusion-builder-row-1 fusion-flex-container nonhundred-percent-fullwidth non-hundred-percent-height-scrolling\" style=\"--awb-border-radius-top-left:0px;--awb-border-radius-top-right:0px;--awb-border-radius-bottom-right:0px;--awb-border-radius-bottom-left:0px;--awb-flex-wrap:wrap;\" ><div class=\"fusion-builder-row fusion-row fusion-flex-align-items-flex-start fusion-flex-content-wrap\" style=\"max-width:calc( 1100px + 0px );margin-left: calc(-0px \/ 2 );margin-right: calc(-0px \/ 2 );\"><div class=\"fusion-layout-column fusion_builder_column fusion-builder-column-0 fusion_builder_column_1_1 1_1 fusion-flex-column\" style=\"--awb-bg-size:cover;--awb-width-large:100%;--awb-margin-top-large:0px;--awb-spacing-right-large:0px;--awb-margin-bottom-large:0px;--awb-spacing-left-large:0px;--awb-width-medium:100%;--awb-spacing-right-medium:0px;--awb-spacing-left-medium:0px;--awb-width-small:100%;--awb-spacing-right-small:0px;--awb-spacing-left-small:0px;\"><div class=\"fusion-column-wrapper fusion-flex-justify-content-flex-start fusion-content-layout-column\"><div class=\"fusion-text fusion-text-1\"><p><span style=\"color: #0061a8;\"><strong>Football\u00a0:<\/strong><\/span>\u00a0Enfin, la liste ne serait pas compl\u00e8te si on n\u2019ajoutait pas le football avec l\u2019ascension en Challenge League (2<sup>\u00e8me<\/sup>\u00a0division) du FC Stade Nyonnais.<\/p>\n<\/div><div class=\"fusion-separator fusion-full-width-sep\" style=\"align-self: center;margin-left: auto;margin-right: auto;margin-top:20px;margin-bottom:20px;width:100%;\"><\/div><div class=\"fusion-text fusion-text-2\">\n\t\t<style type=\"text\/css\">\n\t\t\t#gallery-1 {\n\t\t\t\tmargin: auto;\n\t\t\t}\n\t\t\t#gallery-1 .gallery-item {\n\t\t\t\tfloat: left;\n\t\t\t\tmargin-top: 10px;\n\t\t\t\ttext-align: center;\n\t\t\t\twidth: 33%;\n\t\t\t}\n\t\t\t#gallery-1 img {\n\t\t\t\tborder: 2px solid #cfcfcf;\n\t\t\t}\n\t\t\t#gallery-1 .gallery-caption {\n\t\t\t\tmargin-left: 0;\n\t\t\t}\n\t\t\t\/* see gallery_shortcode() in wp-includes\/media.php *\/\n\t\t<\/style>\n\t\t<div id='gallery-1' class='gallery galleryid-12832 gallery-columns-3 gallery-size-medium'><dl class='gallery-item'>\n\t\t\t<dt class='gallery-icon landscape'>\n\t\t\t\t<a data-rel=\"iLightbox[postimages]\" data-title=\"chap5_002\" data-caption=\"de 2003 \u00e0 2009 \u00e0 la pr\u00e9sidence du Stade Nyonnais. Le tennisman Stan Wawrinka nous avait port\u00e9 chance en donnant le coup d\u2019envoi... victoire sur Yverdon Sport en Coupe suisse ! \u00c0 ma gauche, notre fantastique entra\u00eeneur Arpad Soos\" href='https:\/\/www.perroud-management.ch\/webnew\/wp-content\/uploads\/2016\/05\/chap5_002.jpg'><img decoding=\"async\" width=\"300\" height=\"224\" src=\"https:\/\/www.perroud-management.ch\/webnew\/wp-content\/uploads\/2016\/05\/chap5_002-300x224.jpg\" class=\"attachment-medium size-medium\" alt=\"\" aria-describedby=\"gallery-1-12834\" srcset=\"https:\/\/www.perroud-management.ch\/webnew\/wp-content\/uploads\/2016\/05\/chap5_002-300x224.jpg 300w, https:\/\/www.perroud-management.ch\/webnew\/wp-content\/uploads\/2016\/05\/chap5_002-768x573.jpg 768w, https:\/\/www.perroud-management.ch\/webnew\/wp-content\/uploads\/2016\/05\/chap5_002-1024x763.jpg 1024w, https:\/\/www.perroud-management.ch\/webnew\/wp-content\/uploads\/2016\/05\/chap5_002.jpg 1521w\" sizes=\"(max-width: 300px) 100vw, 300px\" \/><\/a>\n\t\t\t<\/dt>\n\t\t\t\t<dd class='wp-caption-text gallery-caption' id='gallery-1-12834'>\n\t\t\t\tde 2003 \u00e0 2009 \u00e0 la pr\u00e9sidence du Stade Nyonnais. Le tennisman Stan Wawrinka nous avait port\u00e9 chance en donnant le coup d\u2019envoi&#8230; victoire sur Yverdon Sport en Coupe suisse ! \u00c0 ma gauche, notre fantastique entra\u00eeneur Arpad Soos\n\t\t\t\t<\/dd><\/dl><dl class='gallery-item'>\n\t\t\t<dt class='gallery-icon landscape'>\n\t\t\t\t<a data-rel=\"iLightbox[postimages]\" data-title=\"chap5_001\" data-caption=\"Explosion de joie \u00e0 Biasca : la victoire est synonyme d\u2019ascension en Challenge\nLeague pour le Stade Nyonnais\" href='https:\/\/www.perroud-management.ch\/webnew\/wp-content\/uploads\/2016\/05\/chap5_001.jpg'><img decoding=\"async\" width=\"300\" height=\"199\" src=\"https:\/\/www.perroud-management.ch\/webnew\/wp-content\/uploads\/2016\/05\/chap5_001-300x199.jpg\" class=\"attachment-medium size-medium\" alt=\"\" aria-describedby=\"gallery-1-12833\" srcset=\"https:\/\/www.perroud-management.ch\/webnew\/wp-content\/uploads\/2016\/05\/chap5_001-300x199.jpg 300w, https:\/\/www.perroud-management.ch\/webnew\/wp-content\/uploads\/2016\/05\/chap5_001-768x510.jpg 768w, https:\/\/www.perroud-management.ch\/webnew\/wp-content\/uploads\/2016\/05\/chap5_001-1024x680.jpg 1024w, https:\/\/www.perroud-management.ch\/webnew\/wp-content\/uploads\/2016\/05\/chap5_001.jpg 1524w\" sizes=\"(max-width: 300px) 100vw, 300px\" \/><\/a>\n\t\t\t<\/dt>\n\t\t\t\t<dd class='wp-caption-text gallery-caption' id='gallery-1-12833'>\n\t\t\t\tExplosion de joie \u00e0 Biasca : la victoire est synonyme d\u2019ascension en Challenge\nLeague pour le Stade Nyonnais\n\t\t\t\t<\/dd><\/dl><dl class='gallery-item'>\n\t\t\t<dt class='gallery-icon landscape'>\n\t\t\t\t<a data-rel=\"iLightbox[postimages]\" data-title=\"new_134\" data-caption=\"Mon successeur Giuseppe Luongo, l\u2019entra\u00eeneur\nadjoint de l\u2019\u00e9quipe suisse et mon conseiller\noccasionnel Michel Pont et le syndic de Nyon\nDaniel Rosselat\" href='https:\/\/www.perroud-management.ch\/webnew\/wp-content\/uploads\/2016\/05\/new_134.jpg'><img decoding=\"async\" width=\"300\" height=\"203\" src=\"https:\/\/www.perroud-management.ch\/webnew\/wp-content\/uploads\/2016\/05\/new_134-300x203.jpg\" class=\"attachment-medium size-medium\" alt=\"\" aria-describedby=\"gallery-1-12835\" srcset=\"https:\/\/www.perroud-management.ch\/webnew\/wp-content\/uploads\/2016\/05\/new_134-300x203.jpg 300w, https:\/\/www.perroud-management.ch\/webnew\/wp-content\/uploads\/2016\/05\/new_134-768x519.jpg 768w, https:\/\/www.perroud-management.ch\/webnew\/wp-content\/uploads\/2016\/05\/new_134-1024x692.jpg 1024w, https:\/\/www.perroud-management.ch\/webnew\/wp-content\/uploads\/2016\/05\/new_134.jpg 1417w\" sizes=\"(max-width: 300px) 100vw, 300px\" \/><\/a>\n\t\t\t<\/dt>\n\t\t\t\t<dd class='wp-caption-text gallery-caption' id='gallery-1-12835'>\n\t\t\t\tMon successeur Giuseppe Luongo, l\u2019entra\u00eeneur\nadjoint de l\u2019\u00e9quipe suisse et mon conseiller\noccasionnel Michel Pont et le syndic de Nyon\nDaniel Rosselat\n\t\t\t\t<\/dd><\/dl><br style=\"clear: both\" \/><dl class='gallery-item'>\n\t\t\t<dt class='gallery-icon landscape'>\n\t\t\t\t<a data-rel=\"iLightbox[postimages]\" data-title=\"chap3_003\" data-caption=\"Claude \u00ab Didi \u00bb Andrey, le professeur Pierre Tsalambala et Dimitri Angelopoulos, lors de l&#039;inauguration du centre de formation de football \u00e0 Yaounde.\" href='https:\/\/www.perroud-management.ch\/webnew\/wp-content\/uploads\/2016\/05\/chap3_003.jpg'><img decoding=\"async\" width=\"300\" height=\"199\" src=\"https:\/\/www.perroud-management.ch\/webnew\/wp-content\/uploads\/2016\/05\/chap3_003-300x199.jpg\" class=\"attachment-medium size-medium\" alt=\"\" aria-describedby=\"gallery-1-12867\" srcset=\"https:\/\/www.perroud-management.ch\/webnew\/wp-content\/uploads\/2016\/05\/chap3_003-300x199.jpg 300w, https:\/\/www.perroud-management.ch\/webnew\/wp-content\/uploads\/2016\/05\/chap3_003-768x510.jpg 768w, https:\/\/www.perroud-management.ch\/webnew\/wp-content\/uploads\/2016\/05\/chap3_003-1024x680.jpg 1024w, https:\/\/www.perroud-management.ch\/webnew\/wp-content\/uploads\/2016\/05\/chap3_003.jpg 1513w\" sizes=\"(max-width: 300px) 100vw, 300px\" \/><\/a>\n\t\t\t<\/dt>\n\t\t\t\t<dd class='wp-caption-text gallery-caption' id='gallery-1-12867'>\n\t\t\t\tClaude \u00ab Didi \u00bb Andrey, le professeur Pierre Tsalambala et Dimitri Angelopoulos, lors de l&rsquo;inauguration du centre de formation de football \u00e0 Yaounde.\n\t\t\t\t<\/dd><\/dl>\n\t\t\t<br style='clear: both' \/>\n\t\t<\/div>\n\n<\/div><\/div><\/div><\/div><\/div>\n","protected":false},"excerpt":{"rendered":"","protected":false},"author":1,"featured_media":0,"parent":0,"menu_order":0,"comment_status":"closed","ping_status":"closed","template":"","meta":{"footnotes":""},"class_list":["post-12832","page","type-page","status-publish","hentry"],"yoast_head":"<!-- This site is optimized with the Yoast SEO plugin v25.9 - https:\/\/yoast.com\/wordpress\/plugins\/seo\/ -->\n<title>Football - Perroud Management<\/title>\n<meta name=\"description\" content=\"Enfin, la liste ne serait pas compl\u00e8te si on n\u2019ajoutait pas le football avec l\u2019ascension en Challenge League (2\u00e8me division) du FC Stade Nyonnais.\" \/>\n<meta name=\"robots\" content=\"index, follow, max-snippet:-1, max-image-preview:large, max-video-preview:-1\" \/>\n<link rel=\"canonical\" href=\"https:\/\/www.perroud-management.ch\/webnew\/evenements-football\/\" \/>\n<meta property=\"og:locale\" content=\"fr_FR\" \/>\n<meta property=\"og:type\" content=\"article\" \/>\n<meta property=\"og:title\" content=\"Football - Perroud Management\" \/>\n<meta property=\"og:description\" content=\"Enfin, la liste ne serait pas compl\u00e8te si on n\u2019ajoutait pas le football avec l\u2019ascension en Challenge League (2\u00e8me division) du FC Stade Nyonnais.\" \/>\n<meta property=\"og:url\" content=\"https:\/\/www.perroud-management.ch\/webnew\/evenements-football\/\" \/>\n<meta property=\"og:site_name\" content=\"Perroud Management\" \/>\n<meta property=\"article:modified_time\" content=\"2016-12-08T08:28:14+00:00\" \/>\n<meta name=\"twitter:label1\" content=\"Dur\u00e9e de lecture estim\u00e9e\" \/>\n\t<meta name=\"twitter:data1\" content=\"1 minute\" \/>\n<script type=\"application\/ld+json\" class=\"yoast-schema-graph\">{\"@context\":\"https:\/\/schema.org\",\"@graph\":[{\"@type\":\"WebPage\",\"@id\":\"https:\/\/www.perroud-management.ch\/webnew\/evenements-football\/\",\"url\":\"https:\/\/www.perroud-management.ch\/webnew\/evenements-football\/\",\"name\":\"Football - Perroud Management\",\"isPartOf\":{\"@id\":\"https:\/\/www.perroud-management.ch\/webnew\/#website\"},\"datePublished\":\"2016-05-13T16:36:44+00:00\",\"dateModified\":\"2016-12-08T08:28:14+00:00\",\"description\":\"Enfin, la liste ne serait pas compl\u00e8te si on n\u2019ajoutait pas le football avec l\u2019ascension en Challenge League (2\u00e8me division) du FC Stade Nyonnais.\",\"breadcrumb\":{\"@id\":\"https:\/\/www.perroud-management.ch\/webnew\/evenements-football\/#breadcrumb\"},\"inLanguage\":\"fr-FR\",\"potentialAction\":[{\"@type\":\"ReadAction\",\"target\":[\"https:\/\/www.perroud-management.ch\/webnew\/evenements-football\/\"]}]},{\"@type\":\"BreadcrumbList\",\"@id\":\"https:\/\/www.perroud-management.ch\/webnew\/evenements-football\/#breadcrumb\",\"itemListElement\":[{\"@type\":\"ListItem\",\"position\":1,\"name\":\"Accueil\",\"item\":\"https:\/\/www.perroud-management.ch\/webnew\/\"},{\"@type\":\"ListItem\",\"position\":2,\"name\":\"Football\"}]},{\"@type\":\"WebSite\",\"@id\":\"https:\/\/www.perroud-management.ch\/webnew\/#website\",\"url\":\"https:\/\/www.perroud-management.ch\/webnew\/\",\"name\":\"Perroud Management\",\"description\":\"Consulting \u00e9v\u00e9nementiel\",\"publisher\":{\"@id\":\"https:\/\/www.perroud-management.ch\/webnew\/#organization\"},\"potentialAction\":[{\"@type\":\"SearchAction\",\"target\":{\"@type\":\"EntryPoint\",\"urlTemplate\":\"https:\/\/www.perroud-management.ch\/webnew\/?s={search_term_string}\"},\"query-input\":{\"@type\":\"PropertyValueSpecification\",\"valueRequired\":true,\"valueName\":\"search_term_string\"}}],\"inLanguage\":\"fr-FR\"},{\"@type\":\"Organization\",\"@id\":\"https:\/\/www.perroud-management.ch\/webnew\/#organization\",\"name\":\"Perroud Management\",\"url\":\"https:\/\/www.perroud-management.ch\/webnew\/\",\"logo\":{\"@type\":\"ImageObject\",\"inLanguage\":\"fr-FR\",\"@id\":\"https:\/\/www.perroud-management.ch\/webnew\/#\/schema\/logo\/image\/\",\"url\":\"https:\/\/www.perroud-management.ch\/webnew\/wp-content\/uploads\/2016\/06\/Logo-Perroud-Management-petit@2x.jpg\",\"contentUrl\":\"https:\/\/www.perroud-management.ch\/webnew\/wp-content\/uploads\/2016\/06\/Logo-Perroud-Management-petit@2x.jpg\",\"width\":341,\"height\":80,\"caption\":\"Perroud Management\"},\"image\":{\"@id\":\"https:\/\/www.perroud-management.ch\/webnew\/#\/schema\/logo\/image\/\"}}]}<\/script>\n<!-- \/ Yoast SEO plugin. -->","yoast_head_json":{"title":"Football - Perroud Management","description":"Enfin, la liste ne serait pas compl\u00e8te si on n\u2019ajoutait pas le football avec l\u2019ascension en Challenge League (2\u00e8me division) du FC Stade Nyonnais.","robots":{"index":"index","follow":"follow","max-snippet":"max-snippet:-1","max-image-preview":"max-image-preview:large","max-video-preview":"max-video-preview:-1"},"canonical":"https:\/\/www.perroud-management.ch\/webnew\/evenements-football\/","og_locale":"fr_FR","og_type":"article","og_title":"Football - Perroud Management","og_description":"Enfin, la liste ne serait pas compl\u00e8te si on n\u2019ajoutait pas le football avec l\u2019ascension en Challenge League (2\u00e8me division) du FC Stade Nyonnais.","og_url":"https:\/\/www.perroud-management.ch\/webnew\/evenements-football\/","og_site_name":"Perroud Management","article_modified_time":"2016-12-08T08:28:14+00:00","twitter_misc":{"Dur\u00e9e de lecture estim\u00e9e":"1 minute"},"schema":{"@context":"https:\/\/schema.org","@graph":[{"@type":"WebPage","@id":"https:\/\/www.perroud-management.ch\/webnew\/evenements-football\/","url":"https:\/\/www.perroud-management.ch\/webnew\/evenements-football\/","name":"Football - Perroud Management","isPartOf":{"@id":"https:\/\/www.perroud-management.ch\/webnew\/#website"},"datePublished":"2016-05-13T16:36:44+00:00","dateModified":"2016-12-08T08:28:14+00:00","description":"Enfin, la liste ne serait pas compl\u00e8te si on n\u2019ajoutait pas le football avec l\u2019ascension en Challenge League (2\u00e8me division) du FC Stade Nyonnais.","breadcrumb":{"@id":"https:\/\/www.perroud-management.ch\/webnew\/evenements-football\/#breadcrumb"},"inLanguage":"fr-FR","potentialAction":[{"@type":"ReadAction","target":["https:\/\/www.perroud-management.ch\/webnew\/evenements-football\/"]}]},{"@type":"BreadcrumbList","@id":"https:\/\/www.perroud-management.ch\/webnew\/evenements-football\/#breadcrumb","itemListElement":[{"@type":"ListItem","position":1,"name":"Accueil","item":"https:\/\/www.perroud-management.ch\/webnew\/"},{"@type":"ListItem","position":2,"name":"Football"}]},{"@type":"WebSite","@id":"https:\/\/www.perroud-management.ch\/webnew\/#website","url":"https:\/\/www.perroud-management.ch\/webnew\/","name":"Perroud Management","description":"Consulting \u00e9v\u00e9nementiel","publisher":{"@id":"https:\/\/www.perroud-management.ch\/webnew\/#organization"},"potentialAction":[{"@type":"SearchAction","target":{"@type":"EntryPoint","urlTemplate":"https:\/\/www.perroud-management.ch\/webnew\/?s={search_term_string}"},"query-input":{"@type":"PropertyValueSpecification","valueRequired":true,"valueName":"search_term_string"}}],"inLanguage":"fr-FR"},{"@type":"Organization","@id":"https:\/\/www.perroud-management.ch\/webnew\/#organization","name":"Perroud Management","url":"https:\/\/www.perroud-management.ch\/webnew\/","logo":{"@type":"ImageObject","inLanguage":"fr-FR","@id":"https:\/\/www.perroud-management.ch\/webnew\/#\/schema\/logo\/image\/","url":"https:\/\/www.perroud-management.ch\/webnew\/wp-content\/uploads\/2016\/06\/Logo-Perroud-Management-petit@2x.jpg","contentUrl":"https:\/\/www.perroud-management.ch\/webnew\/wp-content\/uploads\/2016\/06\/Logo-Perroud-Management-petit@2x.jpg","width":341,"height":80,"caption":"Perroud Management"},"image":{"@id":"https:\/\/www.perroud-management.ch\/webnew\/#\/schema\/logo\/image\/"}}]}},"_links":{"self":[{"href":"https:\/\/www.perroud-management.ch\/webnew\/wp-json\/wp\/v2\/pages\/12832","targetHints":{"allow":["GET"]}}],"collection":[{"href":"https:\/\/www.perroud-management.ch\/webnew\/wp-json\/wp\/v2\/pages"}],"about":[{"href":"https:\/\/www.perroud-management.ch\/webnew\/wp-json\/wp\/v2\/types\/page"}],"author":[{"embeddable":true,"href":"https:\/\/www.perroud-management.ch\/webnew\/wp-json\/wp\/v2\/users\/1"}],"replies":[{"embeddable":true,"href":"https:\/\/www.perroud-management.ch\/webnew\/wp-json\/wp\/v2\/comments?post=12832"}],"version-history":[{"count":5,"href":"https:\/\/www.perroud-management.ch\/webnew\/wp-json\/wp\/v2\/pages\/12832\/revisions"}],"predecessor-version":[{"id":13193,"href":"https:\/\/www.perroud-management.ch\/webnew\/wp-json\/wp\/v2\/pages\/12832\/revisions\/13193"}],"wp:attachment":[{"href":"https:\/\/www.perroud-management.ch\/webnew\/wp-json\/wp\/v2\/media?parent=12832"}],"curies":[{"name":"wp","href":"https:\/\/api.w.org\/{rel}","templated":true}]}}