{"id":12864,"date":"2016-05-14T08:10:04","date_gmt":"2016-05-14T07:10:04","guid":{"rendered":"http:\/\/www.perroud-management.ch\/webnew\/?page_id=12864"},"modified":"2016-12-08T09:26:28","modified_gmt":"2016-12-08T08:26:28","slug":"tennis","status":"publish","type":"page","link":"https:\/\/www.perroud-management.ch\/webnew\/tennis\/","title":{"rendered":"Tennis"},"content":{"rendered":"<div class=\"fusion-fullwidth fullwidth-box fusion-builder-row-1 fusion-flex-container nonhundred-percent-fullwidth non-hundred-percent-height-scrolling\" style=\"--awb-border-radius-top-left:0px;--awb-border-radius-top-right:0px;--awb-border-radius-bottom-right:0px;--awb-border-radius-bottom-left:0px;--awb-flex-wrap:wrap;\" ><div class=\"fusion-builder-row fusion-row fusion-flex-align-items-flex-start fusion-flex-content-wrap\" style=\"max-width:calc( 1100px + 0px );margin-left: calc(-0px \/ 2 );margin-right: calc(-0px \/ 2 );\"><div class=\"fusion-layout-column fusion_builder_column fusion-builder-column-0 fusion_builder_column_1_1 1_1 fusion-flex-column\" style=\"--awb-bg-size:cover;--awb-width-large:100%;--awb-margin-top-large:0px;--awb-spacing-right-large:0px;--awb-margin-bottom-large:0px;--awb-spacing-left-large:0px;--awb-width-medium:100%;--awb-spacing-right-medium:0px;--awb-spacing-left-medium:0px;--awb-width-small:100%;--awb-spacing-right-small:0px;--awb-spacing-left-small:0px;\"><div class=\"fusion-column-wrapper fusion-flex-justify-content-flex-start fusion-content-layout-column\"><div class=\"fusion-text fusion-text-1\"><p><span style=\"color: #0061a8;\"><strong>Tennis\u00a0:<\/strong><\/span>\u00a0Incroyable record de spectateurs jamais \u00e9gal\u00e9 pour un \u00e9v\u00e8nement sportif \u00e0 Palexpo, 55&rsquo;500 personnes sur 3 jours pour la fameuse demi-finale de Coupe Davis Suisse-Br\u00e9sil, puis les rencontres Suisse-Pays Bas et Suisse-Allemagne. Autre challenge, de 2012 \u00e0 2014 l\u2019organisation du Geneva Open Challenger,\u00a0 \u00e9lu meilleur tournoi mondial 2013 par l\u2019ATP, puis en 2015 l\u2019organisation locale du Geneva Open ATP 250.<\/p>\n<\/div><div class=\"fusion-separator fusion-full-width-sep\" style=\"align-self: center;margin-left: auto;margin-right: auto;margin-top:20px;margin-bottom:20px;width:100%;\"><\/div><div class=\"fusion-text fusion-text-2\">\n\t\t<style type=\"text\/css\">\n\t\t\t#gallery-1 {\n\t\t\t\tmargin: auto;\n\t\t\t}\n\t\t\t#gallery-1 .gallery-item {\n\t\t\t\tfloat: left;\n\t\t\t\tmargin-top: 10px;\n\t\t\t\ttext-align: center;\n\t\t\t\twidth: 33%;\n\t\t\t}\n\t\t\t#gallery-1 img {\n\t\t\t\tborder: 2px solid #cfcfcf;\n\t\t\t}\n\t\t\t#gallery-1 .gallery-caption {\n\t\t\t\tmargin-left: 0;\n\t\t\t}\n\t\t\t\/* see gallery_shortcode() in wp-includes\/media.php *\/\n\t\t<\/style>\n\t\t<div id='gallery-1' class='gallery galleryid-12864 gallery-columns-3 gallery-size-medium'><dl class='gallery-item'>\n\t\t\t<dt class='gallery-icon landscape'>\n\t\t\t\t<a data-rel=\"iLightbox[postimages]\" data-title=\"chap3_006\" data-caption=\"Org. du Gala au profit de Sidaide. Du 1er au 3e. Michel Robadin, Pat Cash et Philippe Nordmann du groupe Manor\" href='https:\/\/www.perroud-management.ch\/webnew\/wp-content\/uploads\/2016\/05\/chap3_006.jpg'><img decoding=\"async\" width=\"300\" height=\"224\" src=\"https:\/\/www.perroud-management.ch\/webnew\/wp-content\/uploads\/2016\/05\/chap3_006-300x224.jpg\" class=\"attachment-medium size-medium\" alt=\"\" aria-describedby=\"gallery-1-12870\" srcset=\"https:\/\/www.perroud-management.ch\/webnew\/wp-content\/uploads\/2016\/05\/chap3_006-300x224.jpg 300w, https:\/\/www.perroud-management.ch\/webnew\/wp-content\/uploads\/2016\/05\/chap3_006-768x574.jpg 768w, https:\/\/www.perroud-management.ch\/webnew\/wp-content\/uploads\/2016\/05\/chap3_006-1024x765.jpg 1024w\" sizes=\"(max-width: 300px) 100vw, 300px\" \/><\/a>\n\t\t\t<\/dt>\n\t\t\t\t<dd class='wp-caption-text gallery-caption' id='gallery-1-12870'>\n\t\t\t\tOrg. du Gala au profit de Sidaide. Du 1er au 3e. Michel Robadin, Pat Cash et Philippe Nordmann du groupe Manor\n\t\t\t\t<\/dd><\/dl><dl class='gallery-item'>\n\t\t\t<dt class='gallery-icon landscape'>\n\t\t\t\t<a data-rel=\"iLightbox[postimages]\" data-title=\"chap3_005\" data-caption=\"Pat Cash et Yannick Noah lors du gala Sidaide aux Tuileries\" href='https:\/\/www.perroud-management.ch\/webnew\/wp-content\/uploads\/2016\/05\/chap3_005.jpg'><img decoding=\"async\" width=\"300\" height=\"176\" src=\"https:\/\/www.perroud-management.ch\/webnew\/wp-content\/uploads\/2016\/05\/chap3_005-300x176.jpg\" class=\"attachment-medium size-medium\" alt=\"\" aria-describedby=\"gallery-1-12869\" srcset=\"https:\/\/www.perroud-management.ch\/webnew\/wp-content\/uploads\/2016\/05\/chap3_005-300x176.jpg 300w, https:\/\/www.perroud-management.ch\/webnew\/wp-content\/uploads\/2016\/05\/chap3_005-768x451.jpg 768w, https:\/\/www.perroud-management.ch\/webnew\/wp-content\/uploads\/2016\/05\/chap3_005-1024x602.jpg 1024w, https:\/\/www.perroud-management.ch\/webnew\/wp-content\/uploads\/2016\/05\/chap3_005.jpg 1523w\" sizes=\"(max-width: 300px) 100vw, 300px\" \/><\/a>\n\t\t\t<\/dt>\n\t\t\t\t<dd class='wp-caption-text gallery-caption' id='gallery-1-12869'>\n\t\t\t\tPat Cash et Yannick Noah lors du gala Sidaide aux Tuileries\n\t\t\t\t<\/dd><\/dl><dl class='gallery-item'>\n\t\t\t<dt class='gallery-icon portrait'>\n\t\t\t\t<a data-rel=\"iLightbox[postimages]\" data-title=\"chap3_002\" data-caption=\"L\u2019affiche de la Coupe Davis, \ncon\u00e7ue par Pierre Gillioz\" href='https:\/\/www.perroud-management.ch\/webnew\/wp-content\/uploads\/2016\/05\/chap3_002.jpg'><img decoding=\"async\" width=\"209\" height=\"300\" src=\"https:\/\/www.perroud-management.ch\/webnew\/wp-content\/uploads\/2016\/05\/chap3_002-209x300.jpg\" class=\"attachment-medium size-medium\" alt=\"\" aria-describedby=\"gallery-1-12866\" srcset=\"https:\/\/www.perroud-management.ch\/webnew\/wp-content\/uploads\/2016\/05\/chap3_002-209x300.jpg 209w, https:\/\/www.perroud-management.ch\/webnew\/wp-content\/uploads\/2016\/05\/chap3_002.jpg 681w\" sizes=\"(max-width: 209px) 100vw, 209px\" \/><\/a>\n\t\t\t<\/dt>\n\t\t\t\t<dd class='wp-caption-text gallery-caption' id='gallery-1-12866'>\n\t\t\t\tL\u2019affiche de la Coupe Davis, \ncon\u00e7ue par Pierre Gillioz\n\t\t\t\t<\/dd><\/dl><br style=\"clear: both\" \/><dl class='gallery-item'>\n\t\t\t<dt class='gallery-icon landscape'>\n\t\t\t\t<a data-rel=\"iLightbox[postimages]\" data-title=\"chap3_004\" data-caption=\"Mes propos lors de la soir\u00e9e officielle semblent beaucoup amuser Marc Rosset et\nClaudio Mezzadri (\u00e0 dr.), mais inqui\u00e9ter Jakob Hlasek et Thierry Grin\" href='https:\/\/www.perroud-management.ch\/webnew\/wp-content\/uploads\/2016\/05\/chap3_004.jpg'><img decoding=\"async\" width=\"300\" height=\"205\" src=\"https:\/\/www.perroud-management.ch\/webnew\/wp-content\/uploads\/2016\/05\/chap3_004-300x205.jpg\" class=\"attachment-medium size-medium\" alt=\"\" aria-describedby=\"gallery-1-12868\" srcset=\"https:\/\/www.perroud-management.ch\/webnew\/wp-content\/uploads\/2016\/05\/chap3_004-300x205.jpg 300w, https:\/\/www.perroud-management.ch\/webnew\/wp-content\/uploads\/2016\/05\/chap3_004-768x526.jpg 768w, https:\/\/www.perroud-management.ch\/webnew\/wp-content\/uploads\/2016\/05\/chap3_004-1024x701.jpg 1024w, https:\/\/www.perroud-management.ch\/webnew\/wp-content\/uploads\/2016\/05\/chap3_004.jpg 1503w\" sizes=\"(max-width: 300px) 100vw, 300px\" \/><\/a>\n\t\t\t<\/dt>\n\t\t\t\t<dd class='wp-caption-text gallery-caption' id='gallery-1-12868'>\n\t\t\t\tMes propos lors de la soir\u00e9e officielle semblent beaucoup amuser Marc Rosset et\nClaudio Mezzadri (\u00e0 dr.), mais inqui\u00e9ter Jakob Hlasek et Thierry Grin\n\t\t\t\t<\/dd><\/dl><dl class='gallery-item'>\n\t\t\t<dt class='gallery-icon landscape'>\n\t\t\t\t<a data-rel=\"iLightbox[postimages]\" data-title=\"Rosset_hlasek\" data-caption=\"Marc Rosset et Jakob Hlasek sur le court de Palexpo le 25 septembre 1992 lors du double de la demi-finale de la Coupe Davis Suisse-Br\u00e9sil\" href='https:\/\/www.perroud-management.ch\/webnew\/wp-content\/uploads\/2016\/05\/Rosset_hlasek.jpg'><img decoding=\"async\" width=\"300\" height=\"197\" src=\"https:\/\/www.perroud-management.ch\/webnew\/wp-content\/uploads\/2016\/05\/Rosset_hlasek-300x197.jpg\" class=\"attachment-medium size-medium\" alt=\"\" aria-describedby=\"gallery-1-12873\" srcset=\"https:\/\/www.perroud-management.ch\/webnew\/wp-content\/uploads\/2016\/05\/Rosset_hlasek-300x197.jpg 300w, https:\/\/www.perroud-management.ch\/webnew\/wp-content\/uploads\/2016\/05\/Rosset_hlasek-768x505.jpg 768w, https:\/\/www.perroud-management.ch\/webnew\/wp-content\/uploads\/2016\/05\/Rosset_hlasek-1024x673.jpg 1024w, https:\/\/www.perroud-management.ch\/webnew\/wp-content\/uploads\/2016\/05\/Rosset_hlasek.jpg 1417w\" sizes=\"(max-width: 300px) 100vw, 300px\" \/><\/a>\n\t\t\t<\/dt>\n\t\t\t\t<dd class='wp-caption-text gallery-caption' id='gallery-1-12873'>\n\t\t\t\tMarc Rosset et Jakob Hlasek sur le court de Palexpo le 25 septembre 1992 lors du double de la demi-finale de la Coupe Davis Suisse-Br\u00e9sil\n\t\t\t\t<\/dd><\/dl><dl class='gallery-item'>\n\t\t\t<dt class='gallery-icon portrait'>\n\t\t\t\t<a data-rel=\"iLightbox[postimages]\" data-title=\"chap3_001\" data-caption=\"Jakob Hlasek et Lorenzo Manta \nen double lors de la rencontre\nSuisse \u2013 Hollande\" href='https:\/\/www.perroud-management.ch\/webnew\/wp-content\/uploads\/2016\/05\/chap3_001.jpg'><img decoding=\"async\" width=\"191\" height=\"300\" src=\"https:\/\/www.perroud-management.ch\/webnew\/wp-content\/uploads\/2016\/05\/chap3_001-191x300.jpg\" class=\"attachment-medium size-medium\" alt=\"\" aria-describedby=\"gallery-1-12865\" srcset=\"https:\/\/www.perroud-management.ch\/webnew\/wp-content\/uploads\/2016\/05\/chap3_001-191x300.jpg 191w, https:\/\/www.perroud-management.ch\/webnew\/wp-content\/uploads\/2016\/05\/chap3_001-651x1024.jpg 651w, https:\/\/www.perroud-management.ch\/webnew\/wp-content\/uploads\/2016\/05\/chap3_001.jpg 750w\" sizes=\"(max-width: 191px) 100vw, 191px\" \/><\/a>\n\t\t\t<\/dt>\n\t\t\t\t<dd class='wp-caption-text gallery-caption' id='gallery-1-12865'>\n\t\t\t\tJakob Hlasek et Lorenzo Manta \nen double lors de la rencontre\nSuisse \u2013 Hollande\n\t\t\t\t<\/dd><\/dl><br style=\"clear: both\" \/><dl class='gallery-item'>\n\t\t\t<dt class='gallery-icon landscape'>\n\t\t\t\t<a data-rel=\"iLightbox[postimages]\" data-title=\"new_100\" data-caption=\"Une raquette victime de la col\u00e8re de Marc Rosset\" href='https:\/\/www.perroud-management.ch\/webnew\/wp-content\/uploads\/2016\/05\/new_100.jpg'><img decoding=\"async\" width=\"300\" height=\"200\" src=\"https:\/\/www.perroud-management.ch\/webnew\/wp-content\/uploads\/2016\/05\/new_100-300x200.jpg\" class=\"attachment-medium size-medium\" alt=\"\" aria-describedby=\"gallery-1-12872\" srcset=\"https:\/\/www.perroud-management.ch\/webnew\/wp-content\/uploads\/2016\/05\/new_100-300x200.jpg 300w, https:\/\/www.perroud-management.ch\/webnew\/wp-content\/uploads\/2016\/05\/new_100-768x513.jpg 768w, https:\/\/www.perroud-management.ch\/webnew\/wp-content\/uploads\/2016\/05\/new_100-1024x684.jpg 1024w, https:\/\/www.perroud-management.ch\/webnew\/wp-content\/uploads\/2016\/05\/new_100.jpg 1504w\" sizes=\"(max-width: 300px) 100vw, 300px\" \/><\/a>\n\t\t\t<\/dt>\n\t\t\t\t<dd class='wp-caption-text gallery-caption' id='gallery-1-12872'>\n\t\t\t\tUne raquette victime de la col\u00e8re de Marc Rosset\n\t\t\t\t<\/dd><\/dl>\n\t\t\t<br style='clear: both' \/>\n\t\t<\/div>\n\n<\/div><\/div><\/div><\/div><\/div>\n","protected":false},"excerpt":{"rendered":"","protected":false},"author":1,"featured_media":0,"parent":0,"menu_order":0,"comment_status":"closed","ping_status":"closed","template":"","meta":{"footnotes":""},"class_list":["post-12864","page","type-page","status-publish","hentry"],"yoast_head":"<!-- This site is optimized with the Yoast SEO plugin v25.9 - https:\/\/yoast.com\/wordpress\/plugins\/seo\/ -->\n<title>Tennis - Perroud Management<\/title>\n<meta name=\"description\" content=\"Tennis : Incroyable record de spectateurs jamais \u00e9gal\u00e9 pour un \u00e9v\u00e8nement sportif \u00e0 Palexpo, 55&#039;500 personnes sur 3 jours pour la Coupe Davis Suisse-Br\u00e9sil.\" \/>\n<meta name=\"robots\" content=\"index, follow, max-snippet:-1, max-image-preview:large, max-video-preview:-1\" \/>\n<link rel=\"canonical\" href=\"https:\/\/www.perroud-management.ch\/webnew\/tennis\/\" \/>\n<meta property=\"og:locale\" content=\"fr_FR\" \/>\n<meta property=\"og:type\" content=\"article\" \/>\n<meta property=\"og:title\" content=\"Tennis - Perroud Management\" \/>\n<meta property=\"og:description\" content=\"Tennis : Incroyable record de spectateurs jamais \u00e9gal\u00e9 pour un \u00e9v\u00e8nement sportif \u00e0 Palexpo, 55&#039;500 personnes sur 3 jours pour la Coupe Davis Suisse-Br\u00e9sil.\" \/>\n<meta property=\"og:url\" content=\"https:\/\/www.perroud-management.ch\/webnew\/tennis\/\" \/>\n<meta property=\"og:site_name\" content=\"Perroud Management\" \/>\n<meta property=\"article:modified_time\" content=\"2016-12-08T08:26:28+00:00\" \/>\n<meta name=\"twitter:label1\" content=\"Dur\u00e9e de lecture estim\u00e9e\" \/>\n\t<meta name=\"twitter:data1\" content=\"1 minute\" \/>\n<script type=\"application\/ld+json\" class=\"yoast-schema-graph\">{\"@context\":\"https:\/\/schema.org\",\"@graph\":[{\"@type\":\"WebPage\",\"@id\":\"https:\/\/www.perroud-management.ch\/webnew\/tennis\/\",\"url\":\"https:\/\/www.perroud-management.ch\/webnew\/tennis\/\",\"name\":\"Tennis - Perroud Management\",\"isPartOf\":{\"@id\":\"https:\/\/www.perroud-management.ch\/webnew\/#website\"},\"datePublished\":\"2016-05-14T07:10:04+00:00\",\"dateModified\":\"2016-12-08T08:26:28+00:00\",\"description\":\"Tennis : Incroyable record de spectateurs jamais \u00e9gal\u00e9 pour un \u00e9v\u00e8nement sportif \u00e0 Palexpo, 55'500 personnes sur 3 jours pour la Coupe Davis Suisse-Br\u00e9sil.\",\"breadcrumb\":{\"@id\":\"https:\/\/www.perroud-management.ch\/webnew\/tennis\/#breadcrumb\"},\"inLanguage\":\"fr-FR\",\"potentialAction\":[{\"@type\":\"ReadAction\",\"target\":[\"https:\/\/www.perroud-management.ch\/webnew\/tennis\/\"]}]},{\"@type\":\"BreadcrumbList\",\"@id\":\"https:\/\/www.perroud-management.ch\/webnew\/tennis\/#breadcrumb\",\"itemListElement\":[{\"@type\":\"ListItem\",\"position\":1,\"name\":\"Accueil\",\"item\":\"https:\/\/www.perroud-management.ch\/webnew\/\"},{\"@type\":\"ListItem\",\"position\":2,\"name\":\"Tennis\"}]},{\"@type\":\"WebSite\",\"@id\":\"https:\/\/www.perroud-management.ch\/webnew\/#website\",\"url\":\"https:\/\/www.perroud-management.ch\/webnew\/\",\"name\":\"Perroud Management\",\"description\":\"Consulting \u00e9v\u00e9nementiel\",\"publisher\":{\"@id\":\"https:\/\/www.perroud-management.ch\/webnew\/#organization\"},\"potentialAction\":[{\"@type\":\"SearchAction\",\"target\":{\"@type\":\"EntryPoint\",\"urlTemplate\":\"https:\/\/www.perroud-management.ch\/webnew\/?s={search_term_string}\"},\"query-input\":{\"@type\":\"PropertyValueSpecification\",\"valueRequired\":true,\"valueName\":\"search_term_string\"}}],\"inLanguage\":\"fr-FR\"},{\"@type\":\"Organization\",\"@id\":\"https:\/\/www.perroud-management.ch\/webnew\/#organization\",\"name\":\"Perroud Management\",\"url\":\"https:\/\/www.perroud-management.ch\/webnew\/\",\"logo\":{\"@type\":\"ImageObject\",\"inLanguage\":\"fr-FR\",\"@id\":\"https:\/\/www.perroud-management.ch\/webnew\/#\/schema\/logo\/image\/\",\"url\":\"https:\/\/www.perroud-management.ch\/webnew\/wp-content\/uploads\/2016\/06\/Logo-Perroud-Management-petit@2x.jpg\",\"contentUrl\":\"https:\/\/www.perroud-management.ch\/webnew\/wp-content\/uploads\/2016\/06\/Logo-Perroud-Management-petit@2x.jpg\",\"width\":341,\"height\":80,\"caption\":\"Perroud Management\"},\"image\":{\"@id\":\"https:\/\/www.perroud-management.ch\/webnew\/#\/schema\/logo\/image\/\"}}]}<\/script>\n<!-- \/ Yoast SEO plugin. -->","yoast_head_json":{"title":"Tennis - Perroud Management","description":"Tennis : Incroyable record de spectateurs jamais \u00e9gal\u00e9 pour un \u00e9v\u00e8nement sportif \u00e0 Palexpo, 55'500 personnes sur 3 jours pour la Coupe Davis Suisse-Br\u00e9sil.","robots":{"index":"index","follow":"follow","max-snippet":"max-snippet:-1","max-image-preview":"max-image-preview:large","max-video-preview":"max-video-preview:-1"},"canonical":"https:\/\/www.perroud-management.ch\/webnew\/tennis\/","og_locale":"fr_FR","og_type":"article","og_title":"Tennis - Perroud Management","og_description":"Tennis : Incroyable record de spectateurs jamais \u00e9gal\u00e9 pour un \u00e9v\u00e8nement sportif \u00e0 Palexpo, 55'500 personnes sur 3 jours pour la Coupe Davis Suisse-Br\u00e9sil.","og_url":"https:\/\/www.perroud-management.ch\/webnew\/tennis\/","og_site_name":"Perroud Management","article_modified_time":"2016-12-08T08:26:28+00:00","twitter_misc":{"Dur\u00e9e de lecture estim\u00e9e":"1 minute"},"schema":{"@context":"https:\/\/schema.org","@graph":[{"@type":"WebPage","@id":"https:\/\/www.perroud-management.ch\/webnew\/tennis\/","url":"https:\/\/www.perroud-management.ch\/webnew\/tennis\/","name":"Tennis - Perroud Management","isPartOf":{"@id":"https:\/\/www.perroud-management.ch\/webnew\/#website"},"datePublished":"2016-05-14T07:10:04+00:00","dateModified":"2016-12-08T08:26:28+00:00","description":"Tennis : Incroyable record de spectateurs jamais \u00e9gal\u00e9 pour un \u00e9v\u00e8nement sportif \u00e0 Palexpo, 55'500 personnes sur 3 jours pour la Coupe Davis Suisse-Br\u00e9sil.","breadcrumb":{"@id":"https:\/\/www.perroud-management.ch\/webnew\/tennis\/#breadcrumb"},"inLanguage":"fr-FR","potentialAction":[{"@type":"ReadAction","target":["https:\/\/www.perroud-management.ch\/webnew\/tennis\/"]}]},{"@type":"BreadcrumbList","@id":"https:\/\/www.perroud-management.ch\/webnew\/tennis\/#breadcrumb","itemListElement":[{"@type":"ListItem","position":1,"name":"Accueil","item":"https:\/\/www.perroud-management.ch\/webnew\/"},{"@type":"ListItem","position":2,"name":"Tennis"}]},{"@type":"WebSite","@id":"https:\/\/www.perroud-management.ch\/webnew\/#website","url":"https:\/\/www.perroud-management.ch\/webnew\/","name":"Perroud Management","description":"Consulting \u00e9v\u00e9nementiel","publisher":{"@id":"https:\/\/www.perroud-management.ch\/webnew\/#organization"},"potentialAction":[{"@type":"SearchAction","target":{"@type":"EntryPoint","urlTemplate":"https:\/\/www.perroud-management.ch\/webnew\/?s={search_term_string}"},"query-input":{"@type":"PropertyValueSpecification","valueRequired":true,"valueName":"search_term_string"}}],"inLanguage":"fr-FR"},{"@type":"Organization","@id":"https:\/\/www.perroud-management.ch\/webnew\/#organization","name":"Perroud Management","url":"https:\/\/www.perroud-management.ch\/webnew\/","logo":{"@type":"ImageObject","inLanguage":"fr-FR","@id":"https:\/\/www.perroud-management.ch\/webnew\/#\/schema\/logo\/image\/","url":"https:\/\/www.perroud-management.ch\/webnew\/wp-content\/uploads\/2016\/06\/Logo-Perroud-Management-petit@2x.jpg","contentUrl":"https:\/\/www.perroud-management.ch\/webnew\/wp-content\/uploads\/2016\/06\/Logo-Perroud-Management-petit@2x.jpg","width":341,"height":80,"caption":"Perroud Management"},"image":{"@id":"https:\/\/www.perroud-management.ch\/webnew\/#\/schema\/logo\/image\/"}}]}},"_links":{"self":[{"href":"https:\/\/www.perroud-management.ch\/webnew\/wp-json\/wp\/v2\/pages\/12864","targetHints":{"allow":["GET"]}}],"collection":[{"href":"https:\/\/www.perroud-management.ch\/webnew\/wp-json\/wp\/v2\/pages"}],"about":[{"href":"https:\/\/www.perroud-management.ch\/webnew\/wp-json\/wp\/v2\/types\/page"}],"author":[{"embeddable":true,"href":"https:\/\/www.perroud-management.ch\/webnew\/wp-json\/wp\/v2\/users\/1"}],"replies":[{"embeddable":true,"href":"https:\/\/www.perroud-management.ch\/webnew\/wp-json\/wp\/v2\/comments?post=12864"}],"version-history":[{"count":6,"href":"https:\/\/www.perroud-management.ch\/webnew\/wp-json\/wp\/v2\/pages\/12864\/revisions"}],"predecessor-version":[{"id":13191,"href":"https:\/\/www.perroud-management.ch\/webnew\/wp-json\/wp\/v2\/pages\/12864\/revisions\/13191"}],"wp:attachment":[{"href":"https:\/\/www.perroud-management.ch\/webnew\/wp-json\/wp\/v2\/media?parent=12864"}],"curies":[{"name":"wp","href":"https:\/\/api.w.org\/{rel}","templated":true}]}}