{"id":3660,"date":"2013-05-24T19:57:49","date_gmt":"2013-05-24T18:57:49","guid":{"rendered":"http:\/\/theme-fusion.com\/avadaxml\/?page_id=3660"},"modified":"2025-11-03T14:36:40","modified_gmt":"2025-11-03T13:36:40","slug":"home-page-perroud-management","status":"publish","type":"page","link":"https:\/\/www.perroud-management.ch\/webnew\/","title":{"rendered":"Home Page Perroud Management"},"content":{"rendered":"<div class=\"fusion-fullwidth fullwidth-box fusion-builder-row-1 fusion-flex-container hundred-percent-fullwidth non-hundred-percent-height-scrolling\" style=\"--awb-border-radius-top-left:0px;--awb-border-radius-top-right:0px;--awb-border-radius-bottom-right:0px;--awb-border-radius-bottom-left:0px;--awb-overflow:visible;--awb-flex-wrap:wrap;\" ><div class=\"fusion-builder-row fusion-row fusion-flex-align-items-flex-start fusion-flex-content-wrap\" style=\"width:calc( 100% + 0px ) !important;max-width:calc( 100% + 0px ) !important;margin-left: calc(-0px \/ 2 );margin-right: calc(-0px \/ 2 );\"><div class=\"fusion-layout-column fusion_builder_column fusion-builder-column-0 fusion_builder_column_1_1 1_1 fusion-flex-column fusion-flex-align-self-flex-start fusion-column-no-min-height\" style=\"--awb-bg-blend:overlay;--awb-bg-size:cover;--awb-width-large:100%;--awb-margin-top-large:0px;--awb-spacing-right-large:0px;--awb-margin-bottom-large:0px;--awb-spacing-left-large:0px;--awb-width-medium:100%;--awb-spacing-right-medium:0px;--awb-spacing-left-medium:0px;--awb-width-small:100%;--awb-spacing-right-small:0px;--awb-spacing-left-small:0px;\"><div class=\"fusion-column-wrapper fusion-flex-justify-content-flex-start fusion-content-layout-column\"><div class=\"fusion-title title fusion-title-1 fusion-title-center fusion-title-text fusion-title-size-one\"><div class=\"title-sep-container title-sep-container-left\"><div class=\"title-sep sep-single sep-solid\" style=\"border-color:#e0dede;\"><\/div><\/div><span class=\"awb-title-spacer\"><\/span><h1 class=\"fusion-title-heading title-heading-center\" style=\"margin:0;\">Perroud Management bienvenue<\/h1><span class=\"awb-title-spacer\"><\/span><div class=\"title-sep-container title-sep-container-right\"><div class=\"title-sep sep-single sep-solid\" style=\"border-color:#e0dede;\"><\/div><\/div><\/div><div class=\"fusion-text fusion-text-1\"><h2 style=\"text-align: left;\">Daniel Perroud \u2013 Organisateur depuis 1983<\/h2>\n<p style=\"text-align: left;\">Pr\u00e9curseur, avec l\u2019aide de son \u00e9pouse, de quelques amis et collaborateurs passionn\u00e9s, il a \u00e9t\u00e9 le premier \u00e0 organiser des galas mixtes de Boxe et de Kickboxing d\u2019une ampleur jamais vue! Imaginez-vous en 1983, alors que le\u00a0Kickboxing naissant ne r\u00e9unissait que 200 spectateurs, ils \u00e9taient pr\u00e8s de 5\u2019000 au V\u00e9lodrome d\u2019Hiver de Gen\u00e8ve pour voir Tonus pulv\u00e9riser ce pauvre Babbs pour le titre mondial. En Boxe, le m\u00eame soir, son pote Giroud remportait une convaincante victoire contre le puncheur Garcia.<\/p>\n<p style=\"text-align: left;\"><span style=\"color: #0061a8;\"><strong>Boxe :<\/strong><\/span> Le virus de l\u2019organisation \u00e9tait inocul\u00e9 et dans la foul\u00e9e s\u2019en sont suivi les grands rendez-vous de Boxe avec le l\u00e9gendaire Enrico \u00ab\u00a0Rocky\u00a0\u00bb Scacchia qui avait disput\u00e9 le championnat d\u2019Europe contre Skouma devant plus de 6&rsquo;000 supporters. Ce fut ensuite pour Mauro \u00ab\u00a0Magic\u00a0\u00bb Martelli qu\u2019il organisait deux Championnats d\u2019Europe, contre Redondo \u00e0 Palexpo, puis Fernandez \u00e0 la Patinoire des Vernets. Et pour la 1<sup>\u00e8re<\/sup> fois \u00e0 Gen\u00e8ve un combat pour le titre mondial face au l\u00e9gendaire am\u00e9ricain Breland.<\/p>\n<p style=\"text-align: left;\"><span style=\"color: #0061a8;\"><strong>Kickboxing\u00a0:<\/strong><\/span> Dans la foul\u00e9e, les championnats d\u2019Europe \u00a0Tonus-Kaman, Tonus-Davis, Emery-Jonsson, le championnat du monde Emery-Saddouki ainsi que l\u2019inoubliable affrontement pour le titre mondial des mi-lourds entre les deux l\u00e9gendes Theriault-Hoost.<\/p>\n<p style=\"text-align: left;\"><span style=\"color: #0061a8;\"><strong>Cyclisme\u00a0:<\/strong><\/span> Mais Daniel Perroud c\u2019est aussi la passion du cyclisme avec l\u2019organisation de 5 Tours de Romandie, 3 championnats de Z\u00fcrich, seule \u00e9preuve Coupe du Monde disput\u00e9e en Suisse et un record du monde de l\u2019heure avec l\u2019\u00e9tonnant Graeme Obree, pour la qu\u00eate du record alors d\u00e9tenu par Francesco Moser.<\/p>\n<p style=\"text-align: left;\"><span style=\"color: #0061a8;\"><strong>Supercross\u00a0:<\/strong><\/span> C\u2019est avec son comp\u00e8re Didier Genecand, qu\u2019ils importaient un spectacle \u00ab\u00a0made in USA\u00a0\u00bb\u00a0\u2026 \u00a0le \u00ab\u00a0Supercross Indoor de Palexpo\u00a0\u00bb qui r\u00e9unit 30\u2019000 spectateurs, chaque ann\u00e9e, depuis 1987!<\/p>\n<p style=\"text-align: left;\"><span style=\"color: #0061a8;\"><strong>Tennis\u00a0:<\/strong><\/span> Incroyable record de spectateurs jamais \u00e9gal\u00e9 pour un \u00e9v\u00e8nement sportif \u00e0 Palexpo, 55&rsquo;500 personnes sur 3 jours pour la fameuse demi-finale de Coupe Davis Suisse-Br\u00e9sil, puis les rencontres Suisse-Pays Bas et Suisse-Allemagne. Autre challenge, de 2012 \u00e0 2014 l\u2019organisation du Geneva Open Challenger,\u00a0 \u00e9lu meilleur tournoi mondial 2013 par l\u2019ATP, puis en 2015 l\u2019organisation locale du Geneva Open ATP 250.<\/p>\n<p style=\"text-align: left;\"><span style=\"color: #0061a8;\"><strong>Basket\u00a0: <\/strong><\/span>L\u00e0, c\u2019est pour le compte d\u2019une soci\u00e9t\u00e9 \u00e9trang\u00e8re qu\u2019il a mont\u00e9 le \u00ab\u00a0Show Magic Johnson\u00a0\u00bb de Palexpo.<\/p>\n<p style=\"text-align: left;\"><span style=\"color: #0061a8;\"><strong>Football\u00a0:<\/strong><\/span> Enfin, la liste ne serait pas compl\u00e8te si on n\u2019ajoutait pas le football avec l\u2019ascension en Challenge League (2<sup>\u00e8me<\/sup> division) du FC Stade Nyonnais.<\/p>\n<p style=\"text-align: left;\"><span style=\"color: #0061a8;\"><strong>Hippisme\u00a0: <\/strong><\/span>En 2016, en association avec Fran\u00e7ois Besen\u00e7on, c\u2019est \u00e0 Crans-Montana qu\u2019ils ont d\u00e9cid\u00e9 de relancer le concours hippique 3*<\/p>\n<p style=\"text-align: left;\">Il fallait bien un jour faire le point et r\u00e9unir tous ces souvenirs. Voil\u00e0 qui est choses faite! Avec l\u2019aide de Sylvain Muller, Daniel Perroud a sorti <a href=\"http:\/\/www.slatkine.com\/fr\/editions-slatkine\/21990-book-07210431-9782832104316.html\" target=\"_blank\" rel=\"noopener\">un livre aux \u00e9ditions Slatkine de l\u2019\u00e9pop\u00e9e 1983-2008.<\/a><\/p>\n<\/div><\/div><\/div><\/div><\/div>\n","protected":false},"excerpt":{"rendered":"","protected":false},"author":1,"featured_media":0,"parent":0,"menu_order":0,"comment_status":"closed","ping_status":"open","template":"","meta":{"footnotes":""},"class_list":["post-3660","page","type-page","status-publish","hentry"],"yoast_head":"<!-- This site is optimized with the Yoast SEO plugin v25.9 - https:\/\/yoast.com\/wordpress\/plugins\/seo\/ -->\n<title>Home Page Perroud Management - Perroud Management<\/title>\n<meta name=\"description\" content=\"Bonjour et bienvenue sur le site officiel de Perroud Management. Au c\u0153ur de l&#039;\u00e9v\u00e9nementiel depuis 1983.\" \/>\n<meta name=\"robots\" content=\"index, follow, max-snippet:-1, max-image-preview:large, max-video-preview:-1\" \/>\n<link rel=\"canonical\" href=\"https:\/\/www.perroud-management.ch\/webnew\/\" \/>\n<meta property=\"og:locale\" content=\"fr_FR\" \/>\n<meta property=\"og:type\" content=\"article\" \/>\n<meta property=\"og:title\" content=\"Home Page Perroud Management - Perroud Management\" \/>\n<meta property=\"og:description\" content=\"Bonjour et bienvenue sur le site officiel de Perroud Management. Au c\u0153ur de l&#039;\u00e9v\u00e9nementiel depuis 1983.\" \/>\n<meta property=\"og:url\" content=\"https:\/\/www.perroud-management.ch\/webnew\/\" \/>\n<meta property=\"og:site_name\" content=\"Perroud Management\" \/>\n<meta property=\"article:modified_time\" content=\"2025-11-03T13:36:40+00:00\" \/>\n<meta name=\"twitter:label1\" content=\"Dur\u00e9e de lecture estim\u00e9e\" \/>\n\t<meta name=\"twitter:data1\" content=\"3 minutes\" \/>\n<script type=\"application\/ld+json\" class=\"yoast-schema-graph\">{\"@context\":\"https:\/\/schema.org\",\"@graph\":[{\"@type\":\"WebPage\",\"@id\":\"https:\/\/www.perroud-management.ch\/webnew\/\",\"url\":\"https:\/\/www.perroud-management.ch\/webnew\/\",\"name\":\"Home Page Perroud Management - Perroud Management\",\"isPartOf\":{\"@id\":\"https:\/\/www.perroud-management.ch\/webnew\/#website\"},\"datePublished\":\"2013-05-24T18:57:49+00:00\",\"dateModified\":\"2025-11-03T13:36:40+00:00\",\"description\":\"Bonjour et bienvenue sur le site officiel de Perroud Management. Au c\u0153ur de l'\u00e9v\u00e9nementiel depuis 1983.\",\"breadcrumb\":{\"@id\":\"https:\/\/www.perroud-management.ch\/webnew\/#breadcrumb\"},\"inLanguage\":\"fr-FR\",\"potentialAction\":[{\"@type\":\"ReadAction\",\"target\":[\"https:\/\/www.perroud-management.ch\/webnew\/\"]}]},{\"@type\":\"BreadcrumbList\",\"@id\":\"https:\/\/www.perroud-management.ch\/webnew\/#breadcrumb\",\"itemListElement\":[{\"@type\":\"ListItem\",\"position\":1,\"name\":\"Accueil\",\"item\":\"https:\/\/www.perroud-management.ch\/webnew\/\"},{\"@type\":\"ListItem\",\"position\":2,\"name\":\"Home Page Perroud Management\"}]},{\"@type\":\"WebSite\",\"@id\":\"https:\/\/www.perroud-management.ch\/webnew\/#website\",\"url\":\"https:\/\/www.perroud-management.ch\/webnew\/\",\"name\":\"Perroud Management\",\"description\":\"Consulting \u00e9v\u00e9nementiel\",\"publisher\":{\"@id\":\"https:\/\/www.perroud-management.ch\/webnew\/#organization\"},\"potentialAction\":[{\"@type\":\"SearchAction\",\"target\":{\"@type\":\"EntryPoint\",\"urlTemplate\":\"https:\/\/www.perroud-management.ch\/webnew\/?s={search_term_string}\"},\"query-input\":{\"@type\":\"PropertyValueSpecification\",\"valueRequired\":true,\"valueName\":\"search_term_string\"}}],\"inLanguage\":\"fr-FR\"},{\"@type\":\"Organization\",\"@id\":\"https:\/\/www.perroud-management.ch\/webnew\/#organization\",\"name\":\"Perroud Management\",\"url\":\"https:\/\/www.perroud-management.ch\/webnew\/\",\"logo\":{\"@type\":\"ImageObject\",\"inLanguage\":\"fr-FR\",\"@id\":\"https:\/\/www.perroud-management.ch\/webnew\/#\/schema\/logo\/image\/\",\"url\":\"https:\/\/www.perroud-management.ch\/webnew\/wp-content\/uploads\/2016\/06\/Logo-Perroud-Management-petit@2x.jpg\",\"contentUrl\":\"https:\/\/www.perroud-management.ch\/webnew\/wp-content\/uploads\/2016\/06\/Logo-Perroud-Management-petit@2x.jpg\",\"width\":341,\"height\":80,\"caption\":\"Perroud Management\"},\"image\":{\"@id\":\"https:\/\/www.perroud-management.ch\/webnew\/#\/schema\/logo\/image\/\"}}]}<\/script>\n<!-- \/ Yoast SEO plugin. -->","yoast_head_json":{"title":"Home Page Perroud Management - Perroud Management","description":"Bonjour et bienvenue sur le site officiel de Perroud Management. Au c\u0153ur de l'\u00e9v\u00e9nementiel depuis 1983.","robots":{"index":"index","follow":"follow","max-snippet":"max-snippet:-1","max-image-preview":"max-image-preview:large","max-video-preview":"max-video-preview:-1"},"canonical":"https:\/\/www.perroud-management.ch\/webnew\/","og_locale":"fr_FR","og_type":"article","og_title":"Home Page Perroud Management - Perroud Management","og_description":"Bonjour et bienvenue sur le site officiel de Perroud Management. Au c\u0153ur de l'\u00e9v\u00e9nementiel depuis 1983.","og_url":"https:\/\/www.perroud-management.ch\/webnew\/","og_site_name":"Perroud Management","article_modified_time":"2025-11-03T13:36:40+00:00","twitter_misc":{"Dur\u00e9e de lecture estim\u00e9e":"3 minutes"},"schema":{"@context":"https:\/\/schema.org","@graph":[{"@type":"WebPage","@id":"https:\/\/www.perroud-management.ch\/webnew\/","url":"https:\/\/www.perroud-management.ch\/webnew\/","name":"Home Page Perroud Management - Perroud Management","isPartOf":{"@id":"https:\/\/www.perroud-management.ch\/webnew\/#website"},"datePublished":"2013-05-24T18:57:49+00:00","dateModified":"2025-11-03T13:36:40+00:00","description":"Bonjour et bienvenue sur le site officiel de Perroud Management. Au c\u0153ur de l'\u00e9v\u00e9nementiel depuis 1983.","breadcrumb":{"@id":"https:\/\/www.perroud-management.ch\/webnew\/#breadcrumb"},"inLanguage":"fr-FR","potentialAction":[{"@type":"ReadAction","target":["https:\/\/www.perroud-management.ch\/webnew\/"]}]},{"@type":"BreadcrumbList","@id":"https:\/\/www.perroud-management.ch\/webnew\/#breadcrumb","itemListElement":[{"@type":"ListItem","position":1,"name":"Accueil","item":"https:\/\/www.perroud-management.ch\/webnew\/"},{"@type":"ListItem","position":2,"name":"Home Page Perroud Management"}]},{"@type":"WebSite","@id":"https:\/\/www.perroud-management.ch\/webnew\/#website","url":"https:\/\/www.perroud-management.ch\/webnew\/","name":"Perroud Management","description":"Consulting \u00e9v\u00e9nementiel","publisher":{"@id":"https:\/\/www.perroud-management.ch\/webnew\/#organization"},"potentialAction":[{"@type":"SearchAction","target":{"@type":"EntryPoint","urlTemplate":"https:\/\/www.perroud-management.ch\/webnew\/?s={search_term_string}"},"query-input":{"@type":"PropertyValueSpecification","valueRequired":true,"valueName":"search_term_string"}}],"inLanguage":"fr-FR"},{"@type":"Organization","@id":"https:\/\/www.perroud-management.ch\/webnew\/#organization","name":"Perroud Management","url":"https:\/\/www.perroud-management.ch\/webnew\/","logo":{"@type":"ImageObject","inLanguage":"fr-FR","@id":"https:\/\/www.perroud-management.ch\/webnew\/#\/schema\/logo\/image\/","url":"https:\/\/www.perroud-management.ch\/webnew\/wp-content\/uploads\/2016\/06\/Logo-Perroud-Management-petit@2x.jpg","contentUrl":"https:\/\/www.perroud-management.ch\/webnew\/wp-content\/uploads\/2016\/06\/Logo-Perroud-Management-petit@2x.jpg","width":341,"height":80,"caption":"Perroud Management"},"image":{"@id":"https:\/\/www.perroud-management.ch\/webnew\/#\/schema\/logo\/image\/"}}]}},"_links":{"self":[{"href":"https:\/\/www.perroud-management.ch\/webnew\/wp-json\/wp\/v2\/pages\/3660","targetHints":{"allow":["GET"]}}],"collection":[{"href":"https:\/\/www.perroud-management.ch\/webnew\/wp-json\/wp\/v2\/pages"}],"about":[{"href":"https:\/\/www.perroud-management.ch\/webnew\/wp-json\/wp\/v2\/types\/page"}],"author":[{"embeddable":true,"href":"https:\/\/www.perroud-management.ch\/webnew\/wp-json\/wp\/v2\/users\/1"}],"replies":[{"embeddable":true,"href":"https:\/\/www.perroud-management.ch\/webnew\/wp-json\/wp\/v2\/comments?post=3660"}],"version-history":[{"count":17,"href":"https:\/\/www.perroud-management.ch\/webnew\/wp-json\/wp\/v2\/pages\/3660\/revisions"}],"predecessor-version":[{"id":13259,"href":"https:\/\/www.perroud-management.ch\/webnew\/wp-json\/wp\/v2\/pages\/3660\/revisions\/13259"}],"wp:attachment":[{"href":"https:\/\/www.perroud-management.ch\/webnew\/wp-json\/wp\/v2\/media?parent=3660"}],"curies":[{"name":"wp","href":"https:\/\/api.w.org\/{rel}","templated":true}]}}